{"id":6771,"date":"2018-09-13T19:27:26","date_gmt":"2018-09-13T16:27:26","guid":{"rendered":"http:\/\/www.icahd.fi\/tuote\/import-placeholder-for-6688\/"},"modified":"2023-09-06T08:59:44","modified_gmt":"2023-09-06T05:59:44","slug":"israelin-apartheid","status":"publish","type":"product","link":"https:\/\/www.icahd.fi\/en\/kauppa\/kirjat\/israelin-apartheid\/","title":{"rendered":"Israelin apartheid (Israeli Apartheid)"},"content":{"rendered":"<p><span style=\"float: none;background-color: transparent;color: #2b2b2b;font-family: 'Roboto',sans-serif;font-size: 16px;font-style: normal;font-variant: normal;font-weight: 400;letter-spacing: normal;text-align: left;text-decoration: none;text-indent: 0px\">Israelin\/Palestiinan tilanteesta uutisoidaan paljon ja sit\u00e4 ymm\u00e4rret\u00e4\u00e4n v\u00e4h\u00e4n. Tapahtumien ytimess\u00e4 on Israelin j\u00e4rjestelm\u00e4, joka asettaa ihmiset erilaiseen asemaan ja jakaa heid\u00e4t eri asuinalueille etnisen taustan mukaan. J\u00e4rjestelm\u00e4 t\u00e4ytt\u00e4\u00e4 kansainv\u00e4lisen oikeuden m\u00e4\u00e4ritelm\u00e4n apartheidille, mutta se ei ole toisinto Etel\u00e4-Afrikasta, vaan ainutlaatuinen omanlaisensa versio rotuerottelusta. <\/span><em>Israelin apartheid (Israeli Apartheid)<\/em><span style=\"float: none;background-color: transparent;color: #2b2b2b;font-family: 'Roboto',sans-serif;font-size: 16px;font-style: normal;font-variant: normal;font-weight: 400;letter-spacing: normal;text-align: left;text-decoration: none;text-indent: 0px\"> on ensimm\u00e4inen suomenkielinen kokonaisesitys t\u00e4m\u00e4n j\u00e4rjestelm\u00e4n historiasta, nykytilanteesta ja h\u00e4\u00e4m\u00f6tt\u00e4v\u00e4st\u00e4 lopusta.<\/span><\/p>\n<ul>\n<li><span style=\"color: #000000\">Nidottu: 290 sivua<\/span><\/li>\n<li><span style=\"color: #000000\">Kustantaja: into (5\/2017)<\/span><\/li>\n<li><span style=\"color: #000000\">Kieli: suomi<\/span><\/li>\n<\/ul>","protected":false},"excerpt":{"rendered":"<p>Israelin\/Palestiinan tilanteesta uutisoidaan paljon ja sit\u00e4 ymm\u00e4rret\u00e4\u00e4n v\u00e4h\u00e4n. Tapahtumien ytimess\u00e4 on Israelin j\u00e4rjestelm\u00e4, joka asettaa ihmiset erilaiseen asemaan ja jakaa heid\u00e4t eri asuinalueille etnisen taustan mukaan. J\u00e4rjestelm\u00e4 t\u00e4ytt\u00e4\u00e4 kansainv\u00e4lisen oikeuden m\u00e4\u00e4ritelm\u00e4n apartheidille, mutta se ei ole toisinto Etel\u00e4-Afrikasta, vaan ainutlaatuinen omanlaisensa versio rotuerottelusta. Israelin apartheid on ensimm\u00e4inen suomenkielinen kokonaisesitys t\u00e4m\u00e4n j\u00e4rjestelm\u00e4n historiasta, nykytilanteesta ja h\u00e4\u00e4m\u00f6tt\u00e4v\u00e4st\u00e4 [&hellip;]<\/p>\n","protected":false},"featured_media":6175,"template":"","meta":{"zakra_page_container_layout":"customizer","zakra_page_sidebar_layout":"customizer","zakra_remove_content_margin":false,"zakra_sidebar":"customizer","zakra_transparent_header":"customizer","zakra_logo":0,"zakra_main_header_style":"default","zakra_menu_item_color":"","zakra_menu_item_hover_color":"","zakra_menu_item_active_color":"","zakra_menu_active_style":"","zakra_page_header":true},"product_brand":[],"product_cat":[254],"product_tag":[],"class_list":{"0":"post-6771","1":"product","2":"type-product","3":"status-publish","4":"has-post-thumbnail","6":"product_cat-kirjat","8":"first","9":"instock","10":"featured","11":"shipping-taxable","12":"purchasable","13":"product-type-simple"},"yoast_head":"<!-- This site is optimized with the Yoast SEO plugin v27.4 - https:\/\/yoast.com\/product\/yoast-seo-wordpress\/ -->\n<title>Israelin apartheid - ICAHD Finland<\/title>\n<meta name=\"robots\" content=\"index, follow, max-snippet:-1, max-image-preview:large, max-video-preview:-1\" \/>\n<link rel=\"canonical\" href=\"https:\/\/www.icahd.fi\/en\/kauppa\/kirjat\/israelin-apartheid\/\" \/>\n<meta property=\"og:locale\" content=\"en_GB\" \/>\n<meta property=\"og:type\" content=\"article\" \/>\n<meta property=\"og:title\" content=\"Israelin apartheid - ICAHD Finland\" \/>\n<meta property=\"og:description\" content=\"Israelin\/Palestiinan tilanteesta uutisoidaan paljon ja sit\u00e4 ymm\u00e4rret\u00e4\u00e4n v\u00e4h\u00e4n. Tapahtumien ytimess\u00e4 on Israelin j\u00e4rjestelm\u00e4, joka asettaa ihmiset erilaiseen asemaan ja jakaa heid\u00e4t eri asuinalueille etnisen taustan mukaan. J\u00e4rjestelm\u00e4 t\u00e4ytt\u00e4\u00e4 kansainv\u00e4lisen oikeuden m\u00e4\u00e4ritelm\u00e4n apartheidille, mutta se ei ole toisinto Etel\u00e4-Afrikasta, vaan ainutlaatuinen omanlaisensa versio rotuerottelusta. Israelin apartheid on ensimm\u00e4inen suomenkielinen kokonaisesitys t\u00e4m\u00e4n j\u00e4rjestelm\u00e4n historiasta, nykytilanteesta ja h\u00e4\u00e4m\u00f6tt\u00e4v\u00e4st\u00e4 [&hellip;]\" \/>\n<meta property=\"og:url\" content=\"https:\/\/www.icahd.fi\/en\/kauppa\/kirjat\/israelin-apartheid\/\" \/>\n<meta property=\"og:site_name\" content=\"ICAHD Finland\" \/>\n<meta property=\"article:publisher\" content=\"https:\/\/www.facebook.com\/icahdfinland\" \/>\n<meta property=\"article:modified_time\" content=\"2023-09-06T05:59:44+00:00\" \/>\n<meta property=\"og:image\" content=\"https:\/\/www.icahd.fi\/wp-content\/uploads\/2017\/05\/israelin-apartheid.jpg\" \/>\n\t<meta property=\"og:image:width\" content=\"1654\" \/>\n\t<meta property=\"og:image:height\" content=\"2480\" \/>\n\t<meta property=\"og:image:type\" content=\"image\/jpeg\" \/>\n<meta name=\"twitter:card\" content=\"summary_large_image\" \/>\n<meta name=\"twitter:site\" content=\"@icahdfinland\" \/>\n<script type=\"application\/ld+json\" class=\"yoast-schema-graph\">{\"@context\":\"https:\\\/\\\/schema.org\",\"@graph\":[{\"@type\":\"WebPage\",\"@id\":\"https:\\\/\\\/www.icahd.fi\\\/kauppa\\\/kirjat\\\/israelin-apartheid\\\/\",\"url\":\"https:\\\/\\\/www.icahd.fi\\\/kauppa\\\/kirjat\\\/israelin-apartheid\\\/\",\"name\":\"Israelin apartheid - ICAHD Finland\",\"isPartOf\":{\"@id\":\"https:\\\/\\\/www.icahd.fi\\\/#website\"},\"primaryImageOfPage\":{\"@id\":\"https:\\\/\\\/www.icahd.fi\\\/kauppa\\\/kirjat\\\/israelin-apartheid\\\/#primaryimage\"},\"image\":{\"@id\":\"https:\\\/\\\/www.icahd.fi\\\/kauppa\\\/kirjat\\\/israelin-apartheid\\\/#primaryimage\"},\"thumbnailUrl\":\"https:\\\/\\\/www.icahd.fi\\\/wp-content\\\/uploads\\\/2017\\\/05\\\/israelin-apartheid.jpg\",\"datePublished\":\"2018-09-13T16:27:26+00:00\",\"dateModified\":\"2023-09-06T05:59:44+00:00\",\"breadcrumb\":{\"@id\":\"https:\\\/\\\/www.icahd.fi\\\/kauppa\\\/kirjat\\\/israelin-apartheid\\\/#breadcrumb\"},\"inLanguage\":\"en-GB\",\"potentialAction\":[{\"@type\":\"ReadAction\",\"target\":[\"https:\\\/\\\/www.icahd.fi\\\/kauppa\\\/kirjat\\\/israelin-apartheid\\\/\"]}]},{\"@type\":\"ImageObject\",\"inLanguage\":\"en-GB\",\"@id\":\"https:\\\/\\\/www.icahd.fi\\\/kauppa\\\/kirjat\\\/israelin-apartheid\\\/#primaryimage\",\"url\":\"https:\\\/\\\/www.icahd.fi\\\/wp-content\\\/uploads\\\/2017\\\/05\\\/israelin-apartheid.jpg\",\"contentUrl\":\"https:\\\/\\\/www.icahd.fi\\\/wp-content\\\/uploads\\\/2017\\\/05\\\/israelin-apartheid.jpg\",\"width\":1654,\"height\":2480},{\"@type\":\"BreadcrumbList\",\"@id\":\"https:\\\/\\\/www.icahd.fi\\\/kauppa\\\/kirjat\\\/israelin-apartheid\\\/#breadcrumb\",\"itemListElement\":[{\"@type\":\"ListItem\",\"position\":1,\"name\":\"Home\",\"item\":\"https:\\\/\\\/www.icahd.fi\\\/\"},{\"@type\":\"ListItem\",\"position\":2,\"name\":\"Kauppa\",\"item\":\"https:\\\/\\\/www.icahd.fi\\\/?page_id=6762\"},{\"@type\":\"ListItem\",\"position\":3,\"name\":\"Israelin apartheid\"}]},{\"@type\":\"WebSite\",\"@id\":\"https:\\\/\\\/www.icahd.fi\\\/#website\",\"url\":\"https:\\\/\\\/www.icahd.fi\\\/\",\"name\":\"ICAHD Finland\",\"description\":\"Yht&auml;l&auml;isten oikeuksien puolesta, Israelin apartheidia vastaan\",\"publisher\":{\"@id\":\"https:\\\/\\\/www.icahd.fi\\\/#organization\"},\"potentialAction\":[{\"@type\":\"SearchAction\",\"target\":{\"@type\":\"EntryPoint\",\"urlTemplate\":\"https:\\\/\\\/www.icahd.fi\\\/?s={search_term_string}\"},\"query-input\":{\"@type\":\"PropertyValueSpecification\",\"valueRequired\":true,\"valueName\":\"search_term_string\"}}],\"inLanguage\":\"en-GB\"},{\"@type\":\"Organization\",\"@id\":\"https:\\\/\\\/www.icahd.fi\\\/#organization\",\"name\":\"ICAHD Finland\",\"url\":\"https:\\\/\\\/www.icahd.fi\\\/\",\"logo\":{\"@type\":\"ImageObject\",\"inLanguage\":\"en-GB\",\"@id\":\"https:\\\/\\\/www.icahd.fi\\\/#\\\/schema\\\/logo\\\/image\\\/\",\"url\":\"https:\\\/\\\/www.icahd.fi\\\/wp-content\\\/uploads\\\/2020\\\/01\\\/logo-teksti.png\",\"contentUrl\":\"https:\\\/\\\/www.icahd.fi\\\/wp-content\\\/uploads\\\/2020\\\/01\\\/logo-teksti.png\",\"width\":300,\"height\":109,\"caption\":\"ICAHD Finland\"},\"image\":{\"@id\":\"https:\\\/\\\/www.icahd.fi\\\/#\\\/schema\\\/logo\\\/image\\\/\"},\"sameAs\":[\"https:\\\/\\\/www.facebook.com\\\/icahdfinland\",\"https:\\\/\\\/x.com\\\/icahdfinland\"]}]}<\/script>\n<!-- \/ Yoast SEO plugin. -->","yoast_head_json":{"title":"Israelin apartheid - ICAHD Finland","robots":{"index":"index","follow":"follow","max-snippet":"max-snippet:-1","max-image-preview":"max-image-preview:large","max-video-preview":"max-video-preview:-1"},"canonical":"https:\/\/www.icahd.fi\/en\/kauppa\/kirjat\/israelin-apartheid\/","og_locale":"en_GB","og_type":"article","og_title":"Israelin apartheid - ICAHD Finland","og_description":"Israelin\/Palestiinan tilanteesta uutisoidaan paljon ja sit\u00e4 ymm\u00e4rret\u00e4\u00e4n v\u00e4h\u00e4n. Tapahtumien ytimess\u00e4 on Israelin j\u00e4rjestelm\u00e4, joka asettaa ihmiset erilaiseen asemaan ja jakaa heid\u00e4t eri asuinalueille etnisen taustan mukaan. J\u00e4rjestelm\u00e4 t\u00e4ytt\u00e4\u00e4 kansainv\u00e4lisen oikeuden m\u00e4\u00e4ritelm\u00e4n apartheidille, mutta se ei ole toisinto Etel\u00e4-Afrikasta, vaan ainutlaatuinen omanlaisensa versio rotuerottelusta. Israelin apartheid on ensimm\u00e4inen suomenkielinen kokonaisesitys t\u00e4m\u00e4n j\u00e4rjestelm\u00e4n historiasta, nykytilanteesta ja h\u00e4\u00e4m\u00f6tt\u00e4v\u00e4st\u00e4 [&hellip;]","og_url":"https:\/\/www.icahd.fi\/en\/kauppa\/kirjat\/israelin-apartheid\/","og_site_name":"ICAHD Finland","article_publisher":"https:\/\/www.facebook.com\/icahdfinland","article_modified_time":"2023-09-06T05:59:44+00:00","og_image":[{"width":1654,"height":2480,"url":"https:\/\/www.icahd.fi\/wp-content\/uploads\/2017\/05\/israelin-apartheid.jpg","type":"image\/jpeg"}],"twitter_card":"summary_large_image","twitter_site":"@icahdfinland","schema":{"@context":"https:\/\/schema.org","@graph":[{"@type":"WebPage","@id":"https:\/\/www.icahd.fi\/kauppa\/kirjat\/israelin-apartheid\/","url":"https:\/\/www.icahd.fi\/kauppa\/kirjat\/israelin-apartheid\/","name":"Israelin apartheid - ICAHD Finland","isPartOf":{"@id":"https:\/\/www.icahd.fi\/#website"},"primaryImageOfPage":{"@id":"https:\/\/www.icahd.fi\/kauppa\/kirjat\/israelin-apartheid\/#primaryimage"},"image":{"@id":"https:\/\/www.icahd.fi\/kauppa\/kirjat\/israelin-apartheid\/#primaryimage"},"thumbnailUrl":"https:\/\/www.icahd.fi\/wp-content\/uploads\/2017\/05\/israelin-apartheid.jpg","datePublished":"2018-09-13T16:27:26+00:00","dateModified":"2023-09-06T05:59:44+00:00","breadcrumb":{"@id":"https:\/\/www.icahd.fi\/kauppa\/kirjat\/israelin-apartheid\/#breadcrumb"},"inLanguage":"en-GB","potentialAction":[{"@type":"ReadAction","target":["https:\/\/www.icahd.fi\/kauppa\/kirjat\/israelin-apartheid\/"]}]},{"@type":"ImageObject","inLanguage":"en-GB","@id":"https:\/\/www.icahd.fi\/kauppa\/kirjat\/israelin-apartheid\/#primaryimage","url":"https:\/\/www.icahd.fi\/wp-content\/uploads\/2017\/05\/israelin-apartheid.jpg","contentUrl":"https:\/\/www.icahd.fi\/wp-content\/uploads\/2017\/05\/israelin-apartheid.jpg","width":1654,"height":2480},{"@type":"BreadcrumbList","@id":"https:\/\/www.icahd.fi\/kauppa\/kirjat\/israelin-apartheid\/#breadcrumb","itemListElement":[{"@type":"ListItem","position":1,"name":"Home","item":"https:\/\/www.icahd.fi\/"},{"@type":"ListItem","position":2,"name":"Kauppa","item":"https:\/\/www.icahd.fi\/?page_id=6762"},{"@type":"ListItem","position":3,"name":"Israelin apartheid"}]},{"@type":"WebSite","@id":"https:\/\/www.icahd.fi\/#website","url":"https:\/\/www.icahd.fi\/","name":"In 2012, ICAHD Finland","description":"Yht&auml;l&auml;isten oikeuksien puolesta, Israelin apartheidia vastaan","publisher":{"@id":"https:\/\/www.icahd.fi\/#organization"},"potentialAction":[{"@type":"SearchAction","target":{"@type":"EntryPoint","urlTemplate":"https:\/\/www.icahd.fi\/?s={search_term_string}"},"query-input":{"@type":"PropertyValueSpecification","valueRequired":true,"valueName":"search_term_string"}}],"inLanguage":"en-GB"},{"@type":"Organization","@id":"https:\/\/www.icahd.fi\/#organization","name":"In 2012, ICAHD Finland","url":"https:\/\/www.icahd.fi\/","logo":{"@type":"ImageObject","inLanguage":"en-GB","@id":"https:\/\/www.icahd.fi\/#\/schema\/logo\/image\/","url":"https:\/\/www.icahd.fi\/wp-content\/uploads\/2020\/01\/logo-teksti.png","contentUrl":"https:\/\/www.icahd.fi\/wp-content\/uploads\/2020\/01\/logo-teksti.png","width":300,"height":109,"caption":"ICAHD Finland"},"image":{"@id":"https:\/\/www.icahd.fi\/#\/schema\/logo\/image\/"},"sameAs":["https:\/\/www.facebook.com\/icahdfinland","https:\/\/x.com\/icahdfinland"]}]}},"acf":[],"_links":{"self":[{"href":"https:\/\/www.icahd.fi\/en\/wp-json\/wp\/v2\/product\/6771","targetHints":{"allow":["GET"]}}],"collection":[{"href":"https:\/\/www.icahd.fi\/en\/wp-json\/wp\/v2\/product"}],"about":[{"href":"https:\/\/www.icahd.fi\/en\/wp-json\/wp\/v2\/types\/product"}],"wp:featuredmedia":[{"embeddable":true,"href":"https:\/\/www.icahd.fi\/en\/wp-json\/wp\/v2\/media\/6175"}],"wp:attachment":[{"href":"https:\/\/www.icahd.fi\/en\/wp-json\/wp\/v2\/media?parent=6771"}],"wp:term":[{"taxonomy":"product_brand","embeddable":true,"href":"https:\/\/www.icahd.fi\/en\/wp-json\/wp\/v2\/product_brand?post=6771"},{"taxonomy":"product_cat","embeddable":true,"href":"https:\/\/www.icahd.fi\/en\/wp-json\/wp\/v2\/product_cat?post=6771"},{"taxonomy":"product_tag","embeddable":true,"href":"https:\/\/www.icahd.fi\/en\/wp-json\/wp\/v2\/product_tag?post=6771"}],"curies":[{"name":"wp","href":"https:\/\/api.w.org\/{rel}","templated":true}]}}