{"id":14704,"date":"2020-04-20T13:24:44","date_gmt":"2020-04-20T10:24:44","guid":{"rendered":"https:\/\/www.icahd.fi\/?post_type=product&#038;p=14704"},"modified":"2021-05-27T14:42:44","modified_gmt":"2021-05-27T11:42:44","slug":"muuri","status":"publish","type":"product","link":"https:\/\/www.icahd.fi\/en\/kauppa\/kirjat\/muuri\/","title":{"rendered":"Muuri &#8211; Matka maailman suurimpaan vankileiriin"},"content":{"rendered":"<p>Syksyll\u00e4 2019 muisteltiin Berliinin muurin murtumista ja toisteltiin \u201dei koskaan en\u00e4\u00e4\u201d.\u00a0 Mutta juuri kukaan ei kiinnitt\u00e4nyt huomiota siihen, ett\u00e4 samaan aikaan Israel rakentaa muuria kansainv\u00e4lisen oikeuden vastaisesti saartamansa alueen erist\u00e4miseksi. Miksi suomalainen kansanedustaja on valmis asettumaan vaaraan vaatiakseen oikeutta gazalaisille? Miten Suomi liittyy Israelin miehityspolitiikkaan? Mit\u00e4 me voisimme tehd\u00e4 historian muuttamiseksi?<\/p>\n<p><em>Muuri \u2013 Matka maailman suurimpaan vankileiriin\u00a0<\/em>kertoo Anna Kontulan osallistumisesta kansainv\u00e4lisen aktivistiryhm\u00e4n tempaukseen, jonka tavoitteena on lis\u00e4t\u00e4 tietoisuutta unohdettujen gazalaisten ep\u00e4inhimillisest\u00e4 kohtelusta. Operaatio Gazaan livahtamiseksi on suunniteltava salaisesti, sill\u00e4 matka voi p\u00e4\u00e4tty\u00e4 jo k\u00e4\u00e4nnytysp\u00e4\u00e4t\u00f6kseen Tel Avivin lentokent\u00e4ll\u00e4. Gazan rajavy\u00f6hykkeell\u00e4 israelilaissotilaat ampuvat ihmisi\u00e4 jatkuvasti, ja my\u00f6s kansainv\u00e4lisi\u00e4 aktivisteja on kuollut heid\u00e4n luoteihinsa. Kaikkeen on siis osattava varautua.<\/p>\n<p><strong>Anna Kontula<\/strong>\u00a0on tamperelainen kolmannen kauden kansanedustaja ja sosiologi. Eduskunnassa h\u00e4n on ty\u00f6el\u00e4m\u00e4- ja tasa-arvovaliokunnan puheenjohtaja ja perustuslakivaliokunnan j\u00e4sen. Kontula on aktiivinen mielipidevaikuttaja, joka osallistuu julkiseen keskusteluun tutkijana, kolumnistina, poliitikkona ja bloggaajana. H\u00e4net tunnetaan erityisesti ty\u00f6el\u00e4m\u00e4n muutokseen, siirtolaisuuteen, seksiin ja feminismiin liittyvist\u00e4 puheenvuoroistaan. Kontula sai vuonna 2019 tiedonjulkistamisen valtionpalkinnon teoksestaan\u00a0<em>Eduskunta \u2013 Yst\u00e4vi\u00e4 ja vihamiehi\u00e4<\/em>.<\/p>\n<ul>\n<li><span style=\"color: #000000\">Nidottu: 203 sivua<\/span><\/li>\n<li><span style=\"color: #000000\">Kustantaja: Into (2020)<\/span><\/li>\n<li><span style=\"color: #000000\">Kieli: suomi<\/span><\/li>\n<\/ul>","protected":false},"excerpt":{"rendered":"<p>Syksyll\u00e4 2019 muisteltiin Berliinin muurin murtumista ja toisteltiin \u201dei koskaan en\u00e4\u00e4\u201d.\u00a0 Mutta juuri kukaan ei kiinnitt\u00e4nyt huomiota siihen, ett\u00e4 samaan aikaan Israel rakentaa muuria kansainv\u00e4lisen oikeuden vastaisesti saartamansa alueen erist\u00e4miseksi. Miksi suomalainen kansanedustaja on valmis asettumaan vaaraan vaatiakseen oikeutta gazalaisille? Miten Suomi liittyy Israelin miehityspolitiikkaan? Mit\u00e4 me voisimme tehd\u00e4 historian muuttamiseksi? Muuri \u2013 Matka maailman [&hellip;]<\/p>\n","protected":false},"featured_media":14705,"template":"","meta":{"zakra_page_container_layout":"customizer","zakra_page_sidebar_layout":"customizer","zakra_remove_content_margin":false,"zakra_sidebar":"customizer","zakra_transparent_header":"customizer","zakra_logo":0,"zakra_main_header_style":"default","zakra_menu_item_color":"","zakra_menu_item_hover_color":"","zakra_menu_item_active_color":"","zakra_menu_active_style":"","zakra_page_header":true},"product_brand":[],"product_cat":[254],"product_tag":[],"class_list":{"0":"post-14704","1":"product","2":"type-product","3":"status-publish","4":"has-post-thumbnail","6":"product_cat-kirjat","8":"first","9":"instock","10":"featured","11":"shipping-taxable","12":"purchasable","13":"product-type-simple"},"yoast_head":"<!-- This site is optimized with the Yoast SEO plugin v27.4 - https:\/\/yoast.com\/product\/yoast-seo-wordpress\/ -->\n<title>Muuri - Matka maailman suurimpaan vankileiriin - ICAHD Finland<\/title>\n<meta name=\"robots\" content=\"index, follow, max-snippet:-1, max-image-preview:large, max-video-preview:-1\" \/>\n<link rel=\"canonical\" href=\"https:\/\/www.icahd.fi\/en\/kauppa\/kirjat\/muuri\/\" \/>\n<meta property=\"og:locale\" content=\"en_GB\" \/>\n<meta property=\"og:type\" content=\"article\" \/>\n<meta property=\"og:title\" content=\"Muuri - Matka maailman suurimpaan vankileiriin - ICAHD Finland\" \/>\n<meta property=\"og:description\" content=\"Syksyll\u00e4 2019 muisteltiin Berliinin muurin murtumista ja toisteltiin \u201dei koskaan en\u00e4\u00e4\u201d.\u00a0 Mutta juuri kukaan ei kiinnitt\u00e4nyt huomiota siihen, ett\u00e4 samaan aikaan Israel rakentaa muuria kansainv\u00e4lisen oikeuden vastaisesti saartamansa alueen erist\u00e4miseksi. Miksi suomalainen kansanedustaja on valmis asettumaan vaaraan vaatiakseen oikeutta gazalaisille? Miten Suomi liittyy Israelin miehityspolitiikkaan? Mit\u00e4 me voisimme tehd\u00e4 historian muuttamiseksi? Muuri \u2013 Matka maailman [&hellip;]\" \/>\n<meta property=\"og:url\" content=\"https:\/\/www.icahd.fi\/en\/kauppa\/kirjat\/muuri\/\" \/>\n<meta property=\"og:site_name\" content=\"ICAHD Finland\" \/>\n<meta property=\"article:publisher\" content=\"https:\/\/www.facebook.com\/icahdfinland\" \/>\n<meta property=\"article:modified_time\" content=\"2021-05-27T11:42:44+00:00\" \/>\n<meta property=\"og:image\" content=\"https:\/\/www.icahd.fi\/wp-content\/uploads\/2020\/04\/muuri.jpg\" \/>\n\t<meta property=\"og:image:width\" content=\"768\" \/>\n\t<meta property=\"og:image:height\" content=\"1159\" \/>\n\t<meta property=\"og:image:type\" content=\"image\/jpeg\" \/>\n<meta name=\"twitter:card\" content=\"summary_large_image\" \/>\n<meta name=\"twitter:site\" content=\"@icahdfinland\" \/>\n<meta name=\"twitter:label1\" content=\"Estimated reading time\" \/>\n\t<meta name=\"twitter:data1\" content=\"1 minute\" \/>\n<script type=\"application\/ld+json\" class=\"yoast-schema-graph\">{\"@context\":\"https:\\\/\\\/schema.org\",\"@graph\":[{\"@type\":\"WebPage\",\"@id\":\"https:\\\/\\\/www.icahd.fi\\\/en\\\/kauppa\\\/kirjat\\\/muuri\\\/\",\"url\":\"https:\\\/\\\/www.icahd.fi\\\/en\\\/kauppa\\\/kirjat\\\/muuri\\\/\",\"name\":\"Muuri - Matka maailman suurimpaan vankileiriin - ICAHD Finland\",\"isPartOf\":{\"@id\":\"https:\\\/\\\/www.icahd.fi\\\/#website\"},\"primaryImageOfPage\":{\"@id\":\"https:\\\/\\\/www.icahd.fi\\\/en\\\/kauppa\\\/kirjat\\\/muuri\\\/#primaryimage\"},\"image\":{\"@id\":\"https:\\\/\\\/www.icahd.fi\\\/en\\\/kauppa\\\/kirjat\\\/muuri\\\/#primaryimage\"},\"thumbnailUrl\":\"https:\\\/\\\/www.icahd.fi\\\/wp-content\\\/uploads\\\/2020\\\/04\\\/muuri.jpg\",\"datePublished\":\"2020-04-20T10:24:44+00:00\",\"dateModified\":\"2021-05-27T11:42:44+00:00\",\"breadcrumb\":{\"@id\":\"https:\\\/\\\/www.icahd.fi\\\/en\\\/kauppa\\\/kirjat\\\/muuri\\\/#breadcrumb\"},\"inLanguage\":\"en-GB\",\"potentialAction\":[{\"@type\":\"ReadAction\",\"target\":[\"https:\\\/\\\/www.icahd.fi\\\/en\\\/kauppa\\\/kirjat\\\/muuri\\\/\"]}]},{\"@type\":\"ImageObject\",\"inLanguage\":\"en-GB\",\"@id\":\"https:\\\/\\\/www.icahd.fi\\\/en\\\/kauppa\\\/kirjat\\\/muuri\\\/#primaryimage\",\"url\":\"https:\\\/\\\/www.icahd.fi\\\/wp-content\\\/uploads\\\/2020\\\/04\\\/muuri.jpg\",\"contentUrl\":\"https:\\\/\\\/www.icahd.fi\\\/wp-content\\\/uploads\\\/2020\\\/04\\\/muuri.jpg\",\"width\":768,\"height\":1159},{\"@type\":\"BreadcrumbList\",\"@id\":\"https:\\\/\\\/www.icahd.fi\\\/en\\\/kauppa\\\/kirjat\\\/muuri\\\/#breadcrumb\",\"itemListElement\":[{\"@type\":\"ListItem\",\"position\":1,\"name\":\"Home\",\"item\":\"https:\\\/\\\/www.icahd.fi\\\/\"},{\"@type\":\"ListItem\",\"position\":2,\"name\":\"Kauppa\",\"item\":\"https:\\\/\\\/www.icahd.fi\\\/?page_id=6762\"},{\"@type\":\"ListItem\",\"position\":3,\"name\":\"Muuri &#8211; Matka maailman suurimpaan vankileiriin\"}]},{\"@type\":\"WebSite\",\"@id\":\"https:\\\/\\\/www.icahd.fi\\\/#website\",\"url\":\"https:\\\/\\\/www.icahd.fi\\\/\",\"name\":\"ICAHD Finland\",\"description\":\"Yht&auml;l&auml;isten oikeuksien puolesta, Israelin apartheidia vastaan\",\"publisher\":{\"@id\":\"https:\\\/\\\/www.icahd.fi\\\/#organization\"},\"potentialAction\":[{\"@type\":\"SearchAction\",\"target\":{\"@type\":\"EntryPoint\",\"urlTemplate\":\"https:\\\/\\\/www.icahd.fi\\\/?s={search_term_string}\"},\"query-input\":{\"@type\":\"PropertyValueSpecification\",\"valueRequired\":true,\"valueName\":\"search_term_string\"}}],\"inLanguage\":\"en-GB\"},{\"@type\":\"Organization\",\"@id\":\"https:\\\/\\\/www.icahd.fi\\\/#organization\",\"name\":\"ICAHD Finland\",\"url\":\"https:\\\/\\\/www.icahd.fi\\\/\",\"logo\":{\"@type\":\"ImageObject\",\"inLanguage\":\"en-GB\",\"@id\":\"https:\\\/\\\/www.icahd.fi\\\/#\\\/schema\\\/logo\\\/image\\\/\",\"url\":\"https:\\\/\\\/www.icahd.fi\\\/wp-content\\\/uploads\\\/2020\\\/01\\\/logo-teksti.png\",\"contentUrl\":\"https:\\\/\\\/www.icahd.fi\\\/wp-content\\\/uploads\\\/2020\\\/01\\\/logo-teksti.png\",\"width\":300,\"height\":109,\"caption\":\"ICAHD Finland\"},\"image\":{\"@id\":\"https:\\\/\\\/www.icahd.fi\\\/#\\\/schema\\\/logo\\\/image\\\/\"},\"sameAs\":[\"https:\\\/\\\/www.facebook.com\\\/icahdfinland\",\"https:\\\/\\\/x.com\\\/icahdfinland\"]}]}<\/script>\n<!-- \/ Yoast SEO plugin. -->","yoast_head_json":{"title":"Muuri - Matka maailman suurimpaan vankileiriin - ICAHD Finland","robots":{"index":"index","follow":"follow","max-snippet":"max-snippet:-1","max-image-preview":"max-image-preview:large","max-video-preview":"max-video-preview:-1"},"canonical":"https:\/\/www.icahd.fi\/en\/kauppa\/kirjat\/muuri\/","og_locale":"en_GB","og_type":"article","og_title":"Muuri - Matka maailman suurimpaan vankileiriin - ICAHD Finland","og_description":"Syksyll\u00e4 2019 muisteltiin Berliinin muurin murtumista ja toisteltiin \u201dei koskaan en\u00e4\u00e4\u201d.\u00a0 Mutta juuri kukaan ei kiinnitt\u00e4nyt huomiota siihen, ett\u00e4 samaan aikaan Israel rakentaa muuria kansainv\u00e4lisen oikeuden vastaisesti saartamansa alueen erist\u00e4miseksi. Miksi suomalainen kansanedustaja on valmis asettumaan vaaraan vaatiakseen oikeutta gazalaisille? Miten Suomi liittyy Israelin miehityspolitiikkaan? Mit\u00e4 me voisimme tehd\u00e4 historian muuttamiseksi? Muuri \u2013 Matka maailman [&hellip;]","og_url":"https:\/\/www.icahd.fi\/en\/kauppa\/kirjat\/muuri\/","og_site_name":"ICAHD Finland","article_publisher":"https:\/\/www.facebook.com\/icahdfinland","article_modified_time":"2021-05-27T11:42:44+00:00","og_image":[{"width":768,"height":1159,"url":"https:\/\/www.icahd.fi\/wp-content\/uploads\/2020\/04\/muuri.jpg","type":"image\/jpeg"}],"twitter_card":"summary_large_image","twitter_site":"@icahdfinland","twitter_misc":{"Estimated reading time":"1 minute"},"schema":{"@context":"https:\/\/schema.org","@graph":[{"@type":"WebPage","@id":"https:\/\/www.icahd.fi\/en\/kauppa\/kirjat\/muuri\/","url":"https:\/\/www.icahd.fi\/en\/kauppa\/kirjat\/muuri\/","name":"Muuri - Matka maailman suurimpaan vankileiriin - ICAHD Finland","isPartOf":{"@id":"https:\/\/www.icahd.fi\/#website"},"primaryImageOfPage":{"@id":"https:\/\/www.icahd.fi\/en\/kauppa\/kirjat\/muuri\/#primaryimage"},"image":{"@id":"https:\/\/www.icahd.fi\/en\/kauppa\/kirjat\/muuri\/#primaryimage"},"thumbnailUrl":"https:\/\/www.icahd.fi\/wp-content\/uploads\/2020\/04\/muuri.jpg","datePublished":"2020-04-20T10:24:44+00:00","dateModified":"2021-05-27T11:42:44+00:00","breadcrumb":{"@id":"https:\/\/www.icahd.fi\/en\/kauppa\/kirjat\/muuri\/#breadcrumb"},"inLanguage":"en-GB","potentialAction":[{"@type":"ReadAction","target":["https:\/\/www.icahd.fi\/en\/kauppa\/kirjat\/muuri\/"]}]},{"@type":"ImageObject","inLanguage":"en-GB","@id":"https:\/\/www.icahd.fi\/en\/kauppa\/kirjat\/muuri\/#primaryimage","url":"https:\/\/www.icahd.fi\/wp-content\/uploads\/2020\/04\/muuri.jpg","contentUrl":"https:\/\/www.icahd.fi\/wp-content\/uploads\/2020\/04\/muuri.jpg","width":768,"height":1159},{"@type":"BreadcrumbList","@id":"https:\/\/www.icahd.fi\/en\/kauppa\/kirjat\/muuri\/#breadcrumb","itemListElement":[{"@type":"ListItem","position":1,"name":"Home","item":"https:\/\/www.icahd.fi\/"},{"@type":"ListItem","position":2,"name":"Kauppa","item":"https:\/\/www.icahd.fi\/?page_id=6762"},{"@type":"ListItem","position":3,"name":"Muuri &#8211; Matka maailman suurimpaan vankileiriin"}]},{"@type":"WebSite","@id":"https:\/\/www.icahd.fi\/#website","url":"https:\/\/www.icahd.fi\/","name":"In 2012, ICAHD Finland","description":"Yht&auml;l&auml;isten oikeuksien puolesta, Israelin apartheidia vastaan","publisher":{"@id":"https:\/\/www.icahd.fi\/#organization"},"potentialAction":[{"@type":"SearchAction","target":{"@type":"EntryPoint","urlTemplate":"https:\/\/www.icahd.fi\/?s={search_term_string}"},"query-input":{"@type":"PropertyValueSpecification","valueRequired":true,"valueName":"search_term_string"}}],"inLanguage":"en-GB"},{"@type":"Organization","@id":"https:\/\/www.icahd.fi\/#organization","name":"In 2012, ICAHD Finland","url":"https:\/\/www.icahd.fi\/","logo":{"@type":"ImageObject","inLanguage":"en-GB","@id":"https:\/\/www.icahd.fi\/#\/schema\/logo\/image\/","url":"https:\/\/www.icahd.fi\/wp-content\/uploads\/2020\/01\/logo-teksti.png","contentUrl":"https:\/\/www.icahd.fi\/wp-content\/uploads\/2020\/01\/logo-teksti.png","width":300,"height":109,"caption":"ICAHD Finland"},"image":{"@id":"https:\/\/www.icahd.fi\/#\/schema\/logo\/image\/"},"sameAs":["https:\/\/www.facebook.com\/icahdfinland","https:\/\/x.com\/icahdfinland"]}]}},"acf":[],"_links":{"self":[{"href":"https:\/\/www.icahd.fi\/en\/wp-json\/wp\/v2\/product\/14704","targetHints":{"allow":["GET"]}}],"collection":[{"href":"https:\/\/www.icahd.fi\/en\/wp-json\/wp\/v2\/product"}],"about":[{"href":"https:\/\/www.icahd.fi\/en\/wp-json\/wp\/v2\/types\/product"}],"wp:featuredmedia":[{"embeddable":true,"href":"https:\/\/www.icahd.fi\/en\/wp-json\/wp\/v2\/media\/14705"}],"wp:attachment":[{"href":"https:\/\/www.icahd.fi\/en\/wp-json\/wp\/v2\/media?parent=14704"}],"wp:term":[{"taxonomy":"product_brand","embeddable":true,"href":"https:\/\/www.icahd.fi\/en\/wp-json\/wp\/v2\/product_brand?post=14704"},{"taxonomy":"product_cat","embeddable":true,"href":"https:\/\/www.icahd.fi\/en\/wp-json\/wp\/v2\/product_cat?post=14704"},{"taxonomy":"product_tag","embeddable":true,"href":"https:\/\/www.icahd.fi\/en\/wp-json\/wp\/v2\/product_tag?post=14704"}],"curies":[{"name":"wp","href":"https:\/\/api.w.org\/{rel}","templated":true}]}}