{"id":11448,"date":"2019-12-15T15:46:49","date_gmt":"2019-12-15T13:46:49","guid":{"rendered":"http:\/\/www.icahd.fi\/?post_type=product&#038;p=11448"},"modified":"2021-06-25T18:09:21","modified_gmt":"2021-06-25T15:09:21","slug":"klassinen-punainen","status":"publish","type":"product","link":"https:\/\/www.icahd.fi\/en\/kauppa\/huivit\/klassinen-punainen\/","title":{"rendered":"Classic red keffiyeh"},"content":{"rendered":"<p>Aito Palestiinassa valmistettu Keffiyeh-huivi. Kaikki myym\u00e4mme huivi ovat Hirbawi-tekstiilitehtaan Hebronissa valmistamia, joka tukee taloudellisesti palestiinalaisperheit\u00e4, sek\u00e4 rohkaisee palestiinalaisen kulttuurin ja perinteisten k\u00e4sity\u00f6tuotteiden siirt\u00e4mist\u00e4 nuoremmille sukupolville. K\u00e4sit\u00f6iden tekeminen paitsi palestiinalaisten perinteiden yll\u00e4pit\u00e4misess\u00e4 luo my\u00f6s taloudellisia mahdollisuuksia. Ostamalla huivin tuet my\u00f6s ICAHD Finlandin toimintaa.<\/p>","protected":false},"excerpt":{"rendered":"<p>Keffiyeh-huivi, Punainen kirjailu valkoisella kankaalla.<\/p>","protected":false},"featured_media":11449,"template":"","meta":{"zakra_page_container_layout":"customizer","zakra_page_sidebar_layout":"customizer","zakra_remove_content_margin":false,"zakra_sidebar":"customizer","zakra_transparent_header":"customizer","zakra_logo":0,"zakra_main_header_style":"default","zakra_menu_item_color":"","zakra_menu_item_hover_color":"","zakra_menu_item_active_color":"","zakra_menu_active_style":"","zakra_page_header":true},"product_brand":[],"product_cat":[81],"product_tag":[],"class_list":{"0":"post-11448","1":"product","2":"type-product","3":"status-publish","4":"has-post-thumbnail","6":"product_cat-huivit","8":"first","9":"outofstock","10":"featured","11":"shipping-taxable","12":"purchasable","13":"product-type-simple"},"yoast_head":"<!-- This site is optimized with the Yoast SEO plugin v27.4 - https:\/\/yoast.com\/product\/yoast-seo-wordpress\/ -->\n<title>Klassinen punainen keffiyeh - ICAHD Finland<\/title>\n<meta name=\"robots\" content=\"index, follow, max-snippet:-1, max-image-preview:large, max-video-preview:-1\" \/>\n<link rel=\"canonical\" href=\"https:\/\/www.icahd.fi\/en\/kauppa\/huivit\/klassinen-punainen\/\" \/>\n<meta property=\"og:locale\" content=\"en_GB\" \/>\n<meta property=\"og:type\" content=\"article\" \/>\n<meta property=\"og:title\" content=\"Klassinen punainen keffiyeh - ICAHD Finland\" \/>\n<meta property=\"og:description\" content=\"Keffiyeh-huivi, Punainen kirjailu valkoisella kankaalla.\" \/>\n<meta property=\"og:url\" content=\"https:\/\/www.icahd.fi\/en\/kauppa\/huivit\/klassinen-punainen\/\" \/>\n<meta property=\"og:site_name\" content=\"ICAHD Finland\" \/>\n<meta property=\"article:publisher\" content=\"https:\/\/www.facebook.com\/icahdfinland\" \/>\n<meta property=\"article:modified_time\" content=\"2021-06-25T15:09:21+00:00\" \/>\n<meta property=\"og:image\" content=\"https:\/\/www.icahd.fi\/wp-content\/uploads\/2019\/12\/image.jpeg\" \/>\n\t<meta property=\"og:image:width\" content=\"302\" \/>\n\t<meta property=\"og:image:height\" content=\"480\" \/>\n\t<meta property=\"og:image:type\" content=\"image\/jpeg\" \/>\n<meta name=\"twitter:card\" content=\"summary_large_image\" \/>\n<meta name=\"twitter:site\" content=\"@icahdfinland\" \/>\n<script type=\"application\/ld+json\" class=\"yoast-schema-graph\">{\"@context\":\"https:\\\/\\\/schema.org\",\"@graph\":[{\"@type\":\"WebPage\",\"@id\":\"https:\\\/\\\/www.icahd.fi\\\/en\\\/kauppa\\\/huivit\\\/klassinen-punainen\\\/\",\"url\":\"https:\\\/\\\/www.icahd.fi\\\/en\\\/kauppa\\\/huivit\\\/klassinen-punainen\\\/\",\"name\":\"Klassinen punainen keffiyeh - ICAHD Finland\",\"isPartOf\":{\"@id\":\"https:\\\/\\\/www.icahd.fi\\\/#website\"},\"primaryImageOfPage\":{\"@id\":\"https:\\\/\\\/www.icahd.fi\\\/en\\\/kauppa\\\/huivit\\\/klassinen-punainen\\\/#primaryimage\"},\"image\":{\"@id\":\"https:\\\/\\\/www.icahd.fi\\\/en\\\/kauppa\\\/huivit\\\/klassinen-punainen\\\/#primaryimage\"},\"thumbnailUrl\":\"https:\\\/\\\/www.icahd.fi\\\/wp-content\\\/uploads\\\/2019\\\/12\\\/image.jpeg\",\"datePublished\":\"2019-12-15T13:46:49+00:00\",\"dateModified\":\"2021-06-25T15:09:21+00:00\",\"breadcrumb\":{\"@id\":\"https:\\\/\\\/www.icahd.fi\\\/en\\\/kauppa\\\/huivit\\\/klassinen-punainen\\\/#breadcrumb\"},\"inLanguage\":\"en-GB\",\"potentialAction\":[{\"@type\":\"ReadAction\",\"target\":[\"https:\\\/\\\/www.icahd.fi\\\/en\\\/kauppa\\\/huivit\\\/klassinen-punainen\\\/\"]}]},{\"@type\":\"ImageObject\",\"inLanguage\":\"en-GB\",\"@id\":\"https:\\\/\\\/www.icahd.fi\\\/en\\\/kauppa\\\/huivit\\\/klassinen-punainen\\\/#primaryimage\",\"url\":\"https:\\\/\\\/www.icahd.fi\\\/wp-content\\\/uploads\\\/2019\\\/12\\\/image.jpeg\",\"contentUrl\":\"https:\\\/\\\/www.icahd.fi\\\/wp-content\\\/uploads\\\/2019\\\/12\\\/image.jpeg\",\"width\":302,\"height\":480},{\"@type\":\"BreadcrumbList\",\"@id\":\"https:\\\/\\\/www.icahd.fi\\\/en\\\/kauppa\\\/huivit\\\/klassinen-punainen\\\/#breadcrumb\",\"itemListElement\":[{\"@type\":\"ListItem\",\"position\":1,\"name\":\"Home\",\"item\":\"https:\\\/\\\/www.icahd.fi\\\/\"},{\"@type\":\"ListItem\",\"position\":2,\"name\":\"Kauppa\",\"item\":\"https:\\\/\\\/www.icahd.fi\\\/?page_id=6762\"},{\"@type\":\"ListItem\",\"position\":3,\"name\":\"Klassinen punainen keffiyeh\"}]},{\"@type\":\"WebSite\",\"@id\":\"https:\\\/\\\/www.icahd.fi\\\/#website\",\"url\":\"https:\\\/\\\/www.icahd.fi\\\/\",\"name\":\"ICAHD Finland\",\"description\":\"Yht&auml;l&auml;isten oikeuksien puolesta, Israelin apartheidia vastaan\",\"publisher\":{\"@id\":\"https:\\\/\\\/www.icahd.fi\\\/#organization\"},\"potentialAction\":[{\"@type\":\"SearchAction\",\"target\":{\"@type\":\"EntryPoint\",\"urlTemplate\":\"https:\\\/\\\/www.icahd.fi\\\/?s={search_term_string}\"},\"query-input\":{\"@type\":\"PropertyValueSpecification\",\"valueRequired\":true,\"valueName\":\"search_term_string\"}}],\"inLanguage\":\"en-GB\"},{\"@type\":\"Organization\",\"@id\":\"https:\\\/\\\/www.icahd.fi\\\/#organization\",\"name\":\"ICAHD Finland\",\"url\":\"https:\\\/\\\/www.icahd.fi\\\/\",\"logo\":{\"@type\":\"ImageObject\",\"inLanguage\":\"en-GB\",\"@id\":\"https:\\\/\\\/www.icahd.fi\\\/#\\\/schema\\\/logo\\\/image\\\/\",\"url\":\"https:\\\/\\\/www.icahd.fi\\\/wp-content\\\/uploads\\\/2020\\\/01\\\/logo-teksti.png\",\"contentUrl\":\"https:\\\/\\\/www.icahd.fi\\\/wp-content\\\/uploads\\\/2020\\\/01\\\/logo-teksti.png\",\"width\":300,\"height\":109,\"caption\":\"ICAHD Finland\"},\"image\":{\"@id\":\"https:\\\/\\\/www.icahd.fi\\\/#\\\/schema\\\/logo\\\/image\\\/\"},\"sameAs\":[\"https:\\\/\\\/www.facebook.com\\\/icahdfinland\",\"https:\\\/\\\/x.com\\\/icahdfinland\"]}]}<\/script>\n<!-- \/ Yoast SEO plugin. -->","yoast_head_json":{"title":"Klassinen punainen keffiyeh - ICAHD Finland","robots":{"index":"index","follow":"follow","max-snippet":"max-snippet:-1","max-image-preview":"max-image-preview:large","max-video-preview":"max-video-preview:-1"},"canonical":"https:\/\/www.icahd.fi\/en\/kauppa\/huivit\/klassinen-punainen\/","og_locale":"en_GB","og_type":"article","og_title":"Klassinen punainen keffiyeh - ICAHD Finland","og_description":"Keffiyeh-huivi, Punainen kirjailu valkoisella kankaalla.","og_url":"https:\/\/www.icahd.fi\/en\/kauppa\/huivit\/klassinen-punainen\/","og_site_name":"ICAHD Finland","article_publisher":"https:\/\/www.facebook.com\/icahdfinland","article_modified_time":"2021-06-25T15:09:21+00:00","og_image":[{"width":302,"height":480,"url":"https:\/\/www.icahd.fi\/wp-content\/uploads\/2019\/12\/image.jpeg","type":"image\/jpeg"}],"twitter_card":"summary_large_image","twitter_site":"@icahdfinland","schema":{"@context":"https:\/\/schema.org","@graph":[{"@type":"WebPage","@id":"https:\/\/www.icahd.fi\/en\/kauppa\/huivit\/klassinen-punainen\/","url":"https:\/\/www.icahd.fi\/en\/kauppa\/huivit\/klassinen-punainen\/","name":"Klassinen punainen keffiyeh - ICAHD Finland","isPartOf":{"@id":"https:\/\/www.icahd.fi\/#website"},"primaryImageOfPage":{"@id":"https:\/\/www.icahd.fi\/en\/kauppa\/huivit\/klassinen-punainen\/#primaryimage"},"image":{"@id":"https:\/\/www.icahd.fi\/en\/kauppa\/huivit\/klassinen-punainen\/#primaryimage"},"thumbnailUrl":"https:\/\/www.icahd.fi\/wp-content\/uploads\/2019\/12\/image.jpeg","datePublished":"2019-12-15T13:46:49+00:00","dateModified":"2021-06-25T15:09:21+00:00","breadcrumb":{"@id":"https:\/\/www.icahd.fi\/en\/kauppa\/huivit\/klassinen-punainen\/#breadcrumb"},"inLanguage":"en-GB","potentialAction":[{"@type":"ReadAction","target":["https:\/\/www.icahd.fi\/en\/kauppa\/huivit\/klassinen-punainen\/"]}]},{"@type":"ImageObject","inLanguage":"en-GB","@id":"https:\/\/www.icahd.fi\/en\/kauppa\/huivit\/klassinen-punainen\/#primaryimage","url":"https:\/\/www.icahd.fi\/wp-content\/uploads\/2019\/12\/image.jpeg","contentUrl":"https:\/\/www.icahd.fi\/wp-content\/uploads\/2019\/12\/image.jpeg","width":302,"height":480},{"@type":"BreadcrumbList","@id":"https:\/\/www.icahd.fi\/en\/kauppa\/huivit\/klassinen-punainen\/#breadcrumb","itemListElement":[{"@type":"ListItem","position":1,"name":"Home","item":"https:\/\/www.icahd.fi\/"},{"@type":"ListItem","position":2,"name":"Kauppa","item":"https:\/\/www.icahd.fi\/?page_id=6762"},{"@type":"ListItem","position":3,"name":"Klassinen punainen keffiyeh"}]},{"@type":"WebSite","@id":"https:\/\/www.icahd.fi\/#website","url":"https:\/\/www.icahd.fi\/","name":"In 2012, ICAHD Finland","description":"Yht&auml;l&auml;isten oikeuksien puolesta, Israelin apartheidia vastaan","publisher":{"@id":"https:\/\/www.icahd.fi\/#organization"},"potentialAction":[{"@type":"SearchAction","target":{"@type":"EntryPoint","urlTemplate":"https:\/\/www.icahd.fi\/?s={search_term_string}"},"query-input":{"@type":"PropertyValueSpecification","valueRequired":true,"valueName":"search_term_string"}}],"inLanguage":"en-GB"},{"@type":"Organization","@id":"https:\/\/www.icahd.fi\/#organization","name":"In 2012, ICAHD Finland","url":"https:\/\/www.icahd.fi\/","logo":{"@type":"ImageObject","inLanguage":"en-GB","@id":"https:\/\/www.icahd.fi\/#\/schema\/logo\/image\/","url":"https:\/\/www.icahd.fi\/wp-content\/uploads\/2020\/01\/logo-teksti.png","contentUrl":"https:\/\/www.icahd.fi\/wp-content\/uploads\/2020\/01\/logo-teksti.png","width":300,"height":109,"caption":"ICAHD Finland"},"image":{"@id":"https:\/\/www.icahd.fi\/#\/schema\/logo\/image\/"},"sameAs":["https:\/\/www.facebook.com\/icahdfinland","https:\/\/x.com\/icahdfinland"]}]}},"acf":[],"_links":{"self":[{"href":"https:\/\/www.icahd.fi\/en\/wp-json\/wp\/v2\/product\/11448","targetHints":{"allow":["GET"]}}],"collection":[{"href":"https:\/\/www.icahd.fi\/en\/wp-json\/wp\/v2\/product"}],"about":[{"href":"https:\/\/www.icahd.fi\/en\/wp-json\/wp\/v2\/types\/product"}],"wp:featuredmedia":[{"embeddable":true,"href":"https:\/\/www.icahd.fi\/en\/wp-json\/wp\/v2\/media\/11449"}],"wp:attachment":[{"href":"https:\/\/www.icahd.fi\/en\/wp-json\/wp\/v2\/media?parent=11448"}],"wp:term":[{"taxonomy":"product_brand","embeddable":true,"href":"https:\/\/www.icahd.fi\/en\/wp-json\/wp\/v2\/product_brand?post=11448"},{"taxonomy":"product_cat","embeddable":true,"href":"https:\/\/www.icahd.fi\/en\/wp-json\/wp\/v2\/product_cat?post=11448"},{"taxonomy":"product_tag","embeddable":true,"href":"https:\/\/www.icahd.fi\/en\/wp-json\/wp\/v2\/product_tag?post=11448"}],"curies":[{"name":"wp","href":"https:\/\/api.w.org\/{rel}","templated":true}]}}