{"id":8,"date":"2013-07-12T17:39:48","date_gmt":"2013-07-12T14:39:48","guid":{"rendered":"http:\/\/www.jannenurmi.fi\/icahd\/?page_id=8"},"modified":"2024-12-17T19:48:48","modified_gmt":"2024-12-17T17:48:48","slug":"meista","status":"publish","type":"page","link":"https:\/\/www.icahd.fi\/en\/meista\/","title":{"rendered":"About our organisation"},"content":{"rendered":"<h5 class=\"elementToProof\"><strong>ICAHD Finland has ceased operations. The work against apartheid continues in <a href=\"https:\/\/www.sumud.fi\/\">Sumud &#8211; Suomen Palestiina-verkosto<\/a>.<\/strong><\/h5>\n<h5><\/h5>\n<h5 class=\"elementToProof\"><strong>ICAHD Finland pages remain as an archive. For any questions about ICAHD Finland, contact its last chair, Syksy R\u00e4s\u00e4nen, <a href=\"mailto:syksy.rasanen@iki.fi\">syksy.rasanen@iki.fi<\/a>.<\/strong><\/h5>\n<div><\/div>\n<div class=\"elementToProof\">ICAHD Finland is a human right organisation working to replace Israeli apartheid and\noccupation with a democratic system that respects international law and guarantees equal\nrights for all. ICAHD Finland does not take sides in party politics.<\/div>\n<p>ICAHD stands for Israeli Committee Against House Demolitions. ICAHD was founded in\n2009 as the Finnish branch of the Israeli organisation. ICAHD Finland is an autonomous\norganisation, and takes part with other ICAHD branches in formulating common policy. <a href=\"http:\/\/www.icahd.org\/\">ICAHDin<\/a> suomalaiseksi haaraksi. ICAHD Finland on itsen\u00e4inen j\u00e4rjest\u00f6, ja se osallistuu muiden ICAHDin haarojen kanssa ICAHDin yhteisten linjausten tekemiseen.<\/p>\n<p>The Israeli organisation was established in 1997. In May 2005 ICAHD became the first\nIsraeli organisation to support the Palestinian call for an academic and cultural boycott,\nexpanded in July 2005 to the <a href=\"\/en\/comprehensive%20BDS%20call.\/\">comprehensive BDS call.<\/a> In 2012 ICAHD became the first\nIsraeli organisation to endorse a <a href=\"https:\/\/icahd.org\/2019\/05\/24\/in-the-name-of-justice-key-issues-around-a-single-state-2\/\">democratic one state solution.<\/a> puolesta.<\/p>\n<p>ICAHD founding member Jeff Halper was nominated for the Nobel peace prize in 2006\ntogether with Ghassan Andoni, a founding member of the International Solidarity Movement. ICAHD has branches abroad in Finland, Germany, Great Britain and the United States. <a href=\"http:\/\/palsolidarity.org\/\">International Solidarity Movementin<\/a> perustajaj\u00e4senen Ghassan Andonin kanssa. ICAHDilla on ulkomaiset haarat Iso-Britanniassa, Saksassa, Suomessa ja Yhdysvalloissa.<\/p>\n<p>ICAHD Finland publishes reports, articles and videos, and communicates with journalists and\npoliticians ICAHD Finland brings Israeli, Palestinian and international experts to Finland,\nand takes part in rebuilding of homes demolished by the occupation forces on the occupied\nWest Bank.<\/p>\n<p>ICAHD Finland is a member of the <a href=\"http:\/\/www.eccpalestine.org\/\">European Coordination of Committees and Associations for Palestin<\/a><a href=\"http:\/\/www.eccpalestine.org\/\">e<\/a> (ECCP).<\/p>\n<p>ICAHD Finland drafted its first <a href=\"http:\/\/www.icahd.fi\/wp-content\/uploads\/2016\/05\/ICAHD_Finland_strategia.pdf\">strategy<\/a> in 2016. (In Finnish)<\/p>\n<p>In 2012, ICAHD Finland <a href=\"https:\/\/www.icahd.fi\/en\/suomalaiset-vaikuttajat-vaativat-suomen-ja-israelin-asekaupan-valitonta-lakkauttamista\/\">delivered<\/a> a petition to the Foreign Ministry and the Ministry of Defence signed by 255 prominent Finnish political, academic and cultural figures calling to\nend arms trade and military cooperation with Israel. <a href=\"https:\/\/www.icahd.fi\/en\/vetoomus-suomen-ja-israelin-asekaupan-lakkauttamiseksi-2\/\">vetoomuksen<\/a>, jossa 255 vaikuttajaa vaatii asekaupan ja sotilaallisen yhteisty\u00f6n lopettamista Israelin kanssa.<\/p>\n<p>In 2013, ICAHD Finland published the report <a href=\"https:\/\/www.icahd.fi\/en\/suora-tie-miehitykseen\/\">Suora tie miehitykseen<\/a>about the complicity of\nthe corporation Veolia in the violations of international law on the occupied West Bank. We\ncampaigned for an end to contracts with Veolia by the Helsingin Region Transport Authority\nHSL. Based on the report, Helsinki city council member Yrj\u00f6 Hakanen started a motion to\nend contracts with Veolia. The global campaign against Veolia\u2019s complicity ended in <a href=\"https:\/\/www.icahd.fi\/en\/veolia-on-lopettanut-toiminnan-miehitetyilla-palestiinalaisalueilla\/\">victory<\/a> in 2015, when Veolia ended its operations on the occupied territories.<\/p>\n<p>In 2014 ICAHD Finland published the report <a href=\"https:\/\/www.icahd.fi\/en\/siirtokuntayhtiot-sodastream-ja-ahava-rikosvastuu-ja-euroopan-unionin-velvoitteet\/\">Siirtokuntayhti\u00f6t SodaStream ja Ahava \u2013 Rikosvastuu ja Euroopan unionin velvoitteet<\/a>about the complicity of companies operating the\nillegeal Israeli settlements with violations of international law and ending import of their\nproducts.<\/p>\n<p>In 2017 the chairperson of ICAHD Finland published the book <a href=\"https:\/\/www.icahd.fi\/en\/kauppa\/kirjat\/israelin-apartheid\/\">Israelin apartheid (Israeli Apartheid)<\/a>, which covers the history\nof the apartheid regime in Israel\/Palestine in light of international law and South African\nhistory.<\/p>\n<p>We have organised numerous events about Palestine-Israel. In particular, we have worked\ntogether with the <a href=\"https:\/\/hakunila.org\/\">Hakunila International Organisation<\/a> and the <a href=\"https:\/\/rauhanpuolustajat.org\/\">Finnish Peace Committee<\/a> to organise the series of events called the Peace Forum. ICAHD Finland brought <a href=\"http:\/\/apartheidweek.org\/\">Israeli Apartheid Week<\/a> to Finland in 2014.<\/p>\n<p>Our guests have included head of ICAHD Jeff Halper, scholar Norman Finkelstein, journalist\nand activist Ali Abunimah, historian Ilan Pappe, a leading figure in the unarmed popular\nresistance in the village Ni\u2019lin Said Amireh, former head of Institute for Jewish Policy\nResearch Antony Lerman, analyst Mouin Rabbani, journalist Gideon Levy, head of the Balad\nparty Jamal Zahalka, journalist Amira Hass, playwright and poet Samah Sabawi, journalist\nMax Blumenthal, head of the Israeli Committee for the Palestinian Prisoners Anat Matar,\nrefugee organisation BADIL representative Rania Madi, Coalition of Women for Peace and\nWhoProfits member Inna Michaeli, PACBI representative Samia Botmeh, journalist and\nfilmmaker Lia Tarachansky, journalist David Sheen, Gaza\u2019s Great March of Return initiator\nAhmed Abu Artema, refusenik and American Friends Service Committee Israeli program\nhead Sahar Vardi, and Institute for Policy Studies in New Internationalism Project head\nPhyllis Bennis.<\/p>\n<p><strong>Contact<\/strong><\/p>\n<p>Last chair Syksy R\u00e4s\u00e4nen<br \/>\n<a href=\"mailto:syksy.rasanen@iki.fi\">syksy.rasanen@iki.fi<\/a><\/p>\n<p><a href=\"https:\/\/fi-fi.facebook.com\/icahdfinland\"><strong>Facebook<\/strong><\/a><\/p>\n<p><a href=\"https:\/\/twitter.com\/ICAHDFinland\"><strong>Twitter<\/strong><\/a><\/p>","protected":false},"excerpt":{"rendered":"<p>ICAHD Finland on lopettanut toimintansa. Ty\u00f6 apartheidia vastaan ja yht\u00e4l\u00e4isten oikeuksien puolesta jatkuu j\u00e4rjest\u00f6ss\u00e4 Sumud &#8211; Suomen Palestiina-verkosto. ICAHD Finlandin sivut pysyv\u00e4t arkistona. Kysymyksiss\u00e4 ICAHD Finlandista ota yhteys j\u00e4rjest\u00f6n viimeiseen puheenjohtajaan Syksy R\u00e4s\u00e4seen, syksy.rasanen@iki.fi. ICAHD Finland on ihmisoikeusj\u00e4rjest\u00f6, jonka tavoitteena on Israelin miehityksen ja apartheidin korvaaminen kansainv\u00e4list\u00e4 oikeutta kunnioittavalla demokraattisella j\u00e4rjestelm\u00e4ll\u00e4, joka takaa kaikkien oikeudet. [&hellip;]<\/p>\n","protected":false},"author":9,"featured_media":7679,"parent":0,"menu_order":0,"comment_status":"closed","ping_status":"open","template":"","meta":{"zakra_page_container_layout":"customizer","zakra_page_sidebar_layout":"customizer","zakra_remove_content_margin":false,"zakra_sidebar":"customizer","zakra_transparent_header":"0","zakra_logo":0,"zakra_main_header_style":"default","zakra_menu_item_color":"","zakra_menu_item_hover_color":"","zakra_menu_item_active_color":"","zakra_menu_active_style":"","zakra_page_header":true,"footnotes":""},"class_list":["post-8","page","type-page","status-publish","has-post-thumbnail","hentry"],"yoast_head":"<!-- This site is optimized with the Yoast SEO plugin v27.4 - https:\/\/yoast.com\/product\/yoast-seo-wordpress\/ -->\n<title>Meist\u00e4 - ICAHD Finland<\/title>\n<meta name=\"robots\" content=\"index, follow, max-snippet:-1, max-image-preview:large, max-video-preview:-1\" \/>\n<link rel=\"canonical\" href=\"https:\/\/www.icahd.fi\/en\/meista\/\" \/>\n<meta property=\"og:locale\" content=\"en_GB\" \/>\n<meta property=\"og:type\" content=\"article\" \/>\n<meta property=\"og:title\" content=\"Meist\u00e4 - ICAHD Finland\" \/>\n<meta property=\"og:description\" content=\"ICAHD Finland on lopettanut toimintansa. Ty\u00f6 apartheidia vastaan ja yht\u00e4l\u00e4isten oikeuksien puolesta jatkuu j\u00e4rjest\u00f6ss\u00e4 Sumud &#8211; Suomen Palestiina-verkosto. ICAHD Finlandin sivut pysyv\u00e4t arkistona. Kysymyksiss\u00e4 ICAHD Finlandista ota yhteys j\u00e4rjest\u00f6n viimeiseen puheenjohtajaan Syksy R\u00e4s\u00e4seen, syksy.rasanen@iki.fi. ICAHD Finland on ihmisoikeusj\u00e4rjest\u00f6, jonka tavoitteena on Israelin miehityksen ja apartheidin korvaaminen kansainv\u00e4list\u00e4 oikeutta kunnioittavalla demokraattisella j\u00e4rjestelm\u00e4ll\u00e4, joka takaa kaikkien oikeudet. [&hellip;]\" \/>\n<meta property=\"og:url\" content=\"https:\/\/www.icahd.fi\/en\/meista\/\" \/>\n<meta property=\"og:site_name\" content=\"ICAHD Finland\" \/>\n<meta property=\"article:publisher\" content=\"https:\/\/www.facebook.com\/icahdfinland\" \/>\n<meta property=\"article:modified_time\" content=\"2024-12-17T17:48:48+00:00\" \/>\n<meta property=\"og:image\" content=\"https:\/\/www.icahd.fi\/wp-content\/uploads\/2018\/12\/meista\u0308-1024x768.jpg\" \/>\n\t<meta property=\"og:image:width\" content=\"1024\" \/>\n\t<meta property=\"og:image:height\" content=\"768\" \/>\n\t<meta property=\"og:image:type\" content=\"image\/jpeg\" \/>\n<meta name=\"twitter:card\" content=\"summary_large_image\" \/>\n<meta name=\"twitter:site\" content=\"@icahdfinland\" \/>\n<meta name=\"twitter:label1\" content=\"Estimated reading time\" \/>\n\t<meta name=\"twitter:data1\" content=\"4 minutes\" \/>\n<script type=\"application\/ld+json\" class=\"yoast-schema-graph\">{\"@context\":\"https:\\\/\\\/schema.org\",\"@graph\":[{\"@type\":\"WebPage\",\"@id\":\"https:\\\/\\\/www.icahd.fi\\\/meista\\\/\",\"url\":\"https:\\\/\\\/www.icahd.fi\\\/meista\\\/\",\"name\":\"Meist\u00e4 - ICAHD Finland\",\"isPartOf\":{\"@id\":\"https:\\\/\\\/www.icahd.fi\\\/#website\"},\"primaryImageOfPage\":{\"@id\":\"https:\\\/\\\/www.icahd.fi\\\/meista\\\/#primaryimage\"},\"image\":{\"@id\":\"https:\\\/\\\/www.icahd.fi\\\/meista\\\/#primaryimage\"},\"thumbnailUrl\":\"https:\\\/\\\/www.icahd.fi\\\/wp-content\\\/uploads\\\/2018\\\/12\\\/meista\u0308.jpg\",\"datePublished\":\"2013-07-12T14:39:48+00:00\",\"dateModified\":\"2024-12-17T17:48:48+00:00\",\"breadcrumb\":{\"@id\":\"https:\\\/\\\/www.icahd.fi\\\/meista\\\/#breadcrumb\"},\"inLanguage\":\"en-GB\",\"potentialAction\":[{\"@type\":\"ReadAction\",\"target\":[\"https:\\\/\\\/www.icahd.fi\\\/meista\\\/\"]}]},{\"@type\":\"ImageObject\",\"inLanguage\":\"en-GB\",\"@id\":\"https:\\\/\\\/www.icahd.fi\\\/meista\\\/#primaryimage\",\"url\":\"https:\\\/\\\/www.icahd.fi\\\/wp-content\\\/uploads\\\/2018\\\/12\\\/meista\u0308.jpg\",\"contentUrl\":\"https:\\\/\\\/www.icahd.fi\\\/wp-content\\\/uploads\\\/2018\\\/12\\\/meista\u0308.jpg\",\"width\":4000,\"height\":3000},{\"@type\":\"BreadcrumbList\",\"@id\":\"https:\\\/\\\/www.icahd.fi\\\/meista\\\/#breadcrumb\",\"itemListElement\":[{\"@type\":\"ListItem\",\"position\":1,\"name\":\"Home\",\"item\":\"https:\\\/\\\/www.icahd.fi\\\/\"},{\"@type\":\"ListItem\",\"position\":2,\"name\":\"Meist\u00e4\"}]},{\"@type\":\"WebSite\",\"@id\":\"https:\\\/\\\/www.icahd.fi\\\/#website\",\"url\":\"https:\\\/\\\/www.icahd.fi\\\/\",\"name\":\"ICAHD Finland\",\"description\":\"Yht&auml;l&auml;isten oikeuksien puolesta, Israelin apartheidia vastaan\",\"publisher\":{\"@id\":\"https:\\\/\\\/www.icahd.fi\\\/#organization\"},\"potentialAction\":[{\"@type\":\"SearchAction\",\"target\":{\"@type\":\"EntryPoint\",\"urlTemplate\":\"https:\\\/\\\/www.icahd.fi\\\/?s={search_term_string}\"},\"query-input\":{\"@type\":\"PropertyValueSpecification\",\"valueRequired\":true,\"valueName\":\"search_term_string\"}}],\"inLanguage\":\"en-GB\"},{\"@type\":\"Organization\",\"@id\":\"https:\\\/\\\/www.icahd.fi\\\/#organization\",\"name\":\"ICAHD Finland\",\"url\":\"https:\\\/\\\/www.icahd.fi\\\/\",\"logo\":{\"@type\":\"ImageObject\",\"inLanguage\":\"en-GB\",\"@id\":\"https:\\\/\\\/www.icahd.fi\\\/#\\\/schema\\\/logo\\\/image\\\/\",\"url\":\"https:\\\/\\\/www.icahd.fi\\\/wp-content\\\/uploads\\\/2020\\\/01\\\/logo-teksti.png\",\"contentUrl\":\"https:\\\/\\\/www.icahd.fi\\\/wp-content\\\/uploads\\\/2020\\\/01\\\/logo-teksti.png\",\"width\":300,\"height\":109,\"caption\":\"ICAHD Finland\"},\"image\":{\"@id\":\"https:\\\/\\\/www.icahd.fi\\\/#\\\/schema\\\/logo\\\/image\\\/\"},\"sameAs\":[\"https:\\\/\\\/www.facebook.com\\\/icahdfinland\",\"https:\\\/\\\/x.com\\\/icahdfinland\"]}]}<\/script>\n<!-- \/ Yoast SEO plugin. -->","yoast_head_json":{"title":"Meist\u00e4 - ICAHD Finland","robots":{"index":"index","follow":"follow","max-snippet":"max-snippet:-1","max-image-preview":"max-image-preview:large","max-video-preview":"max-video-preview:-1"},"canonical":"https:\/\/www.icahd.fi\/en\/meista\/","og_locale":"en_GB","og_type":"article","og_title":"Meist\u00e4 - ICAHD Finland","og_description":"ICAHD Finland on lopettanut toimintansa. Ty\u00f6 apartheidia vastaan ja yht\u00e4l\u00e4isten oikeuksien puolesta jatkuu j\u00e4rjest\u00f6ss\u00e4 Sumud &#8211; Suomen Palestiina-verkosto. ICAHD Finlandin sivut pysyv\u00e4t arkistona. Kysymyksiss\u00e4 ICAHD Finlandista ota yhteys j\u00e4rjest\u00f6n viimeiseen puheenjohtajaan Syksy R\u00e4s\u00e4seen, syksy.rasanen@iki.fi. ICAHD Finland on ihmisoikeusj\u00e4rjest\u00f6, jonka tavoitteena on Israelin miehityksen ja apartheidin korvaaminen kansainv\u00e4list\u00e4 oikeutta kunnioittavalla demokraattisella j\u00e4rjestelm\u00e4ll\u00e4, joka takaa kaikkien oikeudet. [&hellip;]","og_url":"https:\/\/www.icahd.fi\/en\/meista\/","og_site_name":"ICAHD Finland","article_publisher":"https:\/\/www.facebook.com\/icahdfinland","article_modified_time":"2024-12-17T17:48:48+00:00","og_image":[{"width":1024,"height":768,"url":"https:\/\/www.icahd.fi\/wp-content\/uploads\/2018\/12\/meista\u0308-1024x768.jpg","type":"image\/jpeg"}],"twitter_card":"summary_large_image","twitter_site":"@icahdfinland","twitter_misc":{"Estimated reading time":"4 minutes"},"schema":{"@context":"https:\/\/schema.org","@graph":[{"@type":"WebPage","@id":"https:\/\/www.icahd.fi\/meista\/","url":"https:\/\/www.icahd.fi\/meista\/","name":"Meist\u00e4 - ICAHD Finland","isPartOf":{"@id":"https:\/\/www.icahd.fi\/#website"},"primaryImageOfPage":{"@id":"https:\/\/www.icahd.fi\/meista\/#primaryimage"},"image":{"@id":"https:\/\/www.icahd.fi\/meista\/#primaryimage"},"thumbnailUrl":"https:\/\/www.icahd.fi\/wp-content\/uploads\/2018\/12\/meista\u0308.jpg","datePublished":"2013-07-12T14:39:48+00:00","dateModified":"2024-12-17T17:48:48+00:00","breadcrumb":{"@id":"https:\/\/www.icahd.fi\/meista\/#breadcrumb"},"inLanguage":"en-GB","potentialAction":[{"@type":"ReadAction","target":["https:\/\/www.icahd.fi\/meista\/"]}]},{"@type":"ImageObject","inLanguage":"en-GB","@id":"https:\/\/www.icahd.fi\/meista\/#primaryimage","url":"https:\/\/www.icahd.fi\/wp-content\/uploads\/2018\/12\/meista\u0308.jpg","contentUrl":"https:\/\/www.icahd.fi\/wp-content\/uploads\/2018\/12\/meista\u0308.jpg","width":4000,"height":3000},{"@type":"BreadcrumbList","@id":"https:\/\/www.icahd.fi\/meista\/#breadcrumb","itemListElement":[{"@type":"ListItem","position":1,"name":"Home","item":"https:\/\/www.icahd.fi\/"},{"@type":"ListItem","position":2,"name":"Meist\u00e4"}]},{"@type":"WebSite","@id":"https:\/\/www.icahd.fi\/#website","url":"https:\/\/www.icahd.fi\/","name":"In 2012, ICAHD Finland","description":"Yht&auml;l&auml;isten oikeuksien puolesta, Israelin apartheidia vastaan","publisher":{"@id":"https:\/\/www.icahd.fi\/#organization"},"potentialAction":[{"@type":"SearchAction","target":{"@type":"EntryPoint","urlTemplate":"https:\/\/www.icahd.fi\/?s={search_term_string}"},"query-input":{"@type":"PropertyValueSpecification","valueRequired":true,"valueName":"search_term_string"}}],"inLanguage":"en-GB"},{"@type":"Organization","@id":"https:\/\/www.icahd.fi\/#organization","name":"In 2012, ICAHD Finland","url":"https:\/\/www.icahd.fi\/","logo":{"@type":"ImageObject","inLanguage":"en-GB","@id":"https:\/\/www.icahd.fi\/#\/schema\/logo\/image\/","url":"https:\/\/www.icahd.fi\/wp-content\/uploads\/2020\/01\/logo-teksti.png","contentUrl":"https:\/\/www.icahd.fi\/wp-content\/uploads\/2020\/01\/logo-teksti.png","width":300,"height":109,"caption":"ICAHD Finland"},"image":{"@id":"https:\/\/www.icahd.fi\/#\/schema\/logo\/image\/"},"sameAs":["https:\/\/www.facebook.com\/icahdfinland","https:\/\/x.com\/icahdfinland"]}]}},"acf":[],"_links":{"self":[{"href":"https:\/\/www.icahd.fi\/en\/wp-json\/wp\/v2\/pages\/8","targetHints":{"allow":["GET"]}}],"collection":[{"href":"https:\/\/www.icahd.fi\/en\/wp-json\/wp\/v2\/pages"}],"about":[{"href":"https:\/\/www.icahd.fi\/en\/wp-json\/wp\/v2\/types\/page"}],"author":[{"embeddable":true,"href":"https:\/\/www.icahd.fi\/en\/wp-json\/wp\/v2\/users\/9"}],"replies":[{"embeddable":true,"href":"https:\/\/www.icahd.fi\/en\/wp-json\/wp\/v2\/comments?post=8"}],"version-history":[{"count":25,"href":"https:\/\/www.icahd.fi\/en\/wp-json\/wp\/v2\/pages\/8\/revisions"}],"predecessor-version":[{"id":15848,"href":"https:\/\/www.icahd.fi\/en\/wp-json\/wp\/v2\/pages\/8\/revisions\/15848"}],"wp:featuredmedia":[{"embeddable":true,"href":"https:\/\/www.icahd.fi\/en\/wp-json\/wp\/v2\/media\/7679"}],"wp:attachment":[{"href":"https:\/\/www.icahd.fi\/en\/wp-json\/wp\/v2\/media?parent=8"}],"curies":[{"name":"wp","href":"https:\/\/api.w.org\/{rel}","templated":true}]}}