{"id":6675,"date":"2018-07-19T15:43:44","date_gmt":"2018-07-19T12:43:44","guid":{"rendered":"http:\/\/www.icahd.fi\/?page_id=6675"},"modified":"2018-12-13T12:16:06","modified_gmt":"2018-12-13T10:16:06","slug":"tietosuojaseloste","status":"publish","type":"page","link":"https:\/\/www.icahd.fi\/en\/tietosuojaseloste\/","title":{"rendered":"Tietosuojaseloste"},"content":{"rendered":"<p><span style=\"font-weight: 400;\">ICAHD Finland tietosuojak\u00e4yt\u00e4nt\u00f6, t\u00e4yteenpantu 19.7.2018.<\/span><\/p>\n<h1>1. Yleist\u00e4<\/h1>\n<p><span style=\"font-weight: 400;\">ICAHD Finland ry (T\u00e4ss\u00e4 tekstiss\u00e4 \u201cme\u201d tai \u201cj\u00e4rjest\u00f6\u201d) ker\u00e4\u00e4 rekisteri\u00e4 j\u00e4senist\u00e4\u00e4n (T\u00e4st\u00e4 l\u00e4htien \u201crekisteri\u201d) EU:n tietosuojaperiaatteiden mukaisesti. T\u00e4ll\u00e4 sivulla kerromme mink\u00e4laisia tietoja ker\u00e4\u00e4mme ja miten k\u00e4yt\u00e4mme niit\u00e4.<\/span><\/p>\n<h1>2. Rekisterinpit\u00e4j\u00e4 ja yhteyshenkil\u00f6<\/h1>\n<p><b>Nimi<\/b><span style=\"font-weight: 400;\">: ICAHD Finland ry<\/span><\/p>\n<p><b>Y-tunnus<\/b><span style=\"font-weight: 400;\">: 2544439-6<\/span><\/p>\n<p><b>Yhteydenotot<\/b><span style=\"font-weight: 400;\">: icahd (at) icahd.fi <\/span><\/p>\n<h1>3. Ker\u00e4\u00e4m\u00e4mme henkil\u00f6tiedot<\/h1>\n<p><span style=\"font-weight: 400;\">Rekisteriss\u00e4mme on nykyisten ja entisten j\u00e4sentemme tietoja, sek\u00e4 j\u00e4seneksemme hakijoiden tietoja. Ker\u00e4\u00e4mme my\u00f6s j\u00e4senmaksujen ohessa tietoja siit\u00e4 ketk\u00e4 j\u00e4senist\u00e4mme ovat maksaneet ne. Emme ker\u00e4\u00e4 mit\u00e4\u00e4n tietoja, joita rekisteriss\u00e4 olevat henkil\u00f6t eiv\u00e4t ole j\u00e4rjest\u00f6lle itse suoraan antaneet.<\/span><\/p>\n<p><strong>Rekisteriss\u00e4mme saattaa olla seuraavia henkil\u00f6tietoja:<\/strong><\/p>\n<ul>\n<li style=\"font-weight: 400;\"><span style=\"font-weight: 400;\">J\u00e4senyystyyppi;<\/span><\/li>\n<li style=\"font-weight: 400;\"><span style=\"font-weight: 400;\">Nimi;<\/span><\/li>\n<li style=\"font-weight: 400;\"><span style=\"font-weight: 400;\">Osoite;<\/span><\/li>\n<li style=\"font-weight: 400;\"><span style=\"font-weight: 400;\">Puhelinnumero;<\/span><\/li>\n<li style=\"font-weight: 400;\"><span style=\"font-weight: 400;\">Syntym\u00e4aika;<\/span><\/li>\n<li style=\"font-weight: 400;\"><span style=\"font-weight: 400;\">S\u00e4hk\u00f6postiosoite;<\/span><\/li>\n<li style=\"font-weight: 400;\"><span style=\"font-weight: 400;\">J\u00e4senmaksutietoja;<\/span><\/li>\n<\/ul>\n<p><span style=\"font-weight: 400;\">S\u00e4ilyt\u00e4mme henkil\u00f6tietoja niin kauan kun j\u00e4senyys kest\u00e4\u00e4, tai ilman erillist\u00e4 lupaa korkeintaan 3 vuotta sen loppumisen j\u00e4lkeen tai 3 vuotta sen j\u00e4lkeen kun olemme saaneet tiedot rekisteriin laitettavaksi, kumpi vain on pidempi aika. Jos meill\u00e4 on jokin p\u00e4tev\u00e4 syy s\u00e4ilytt\u00e4\u00e4 henkil\u00f6tietoja pidemp\u00e4\u00e4n, pyyd\u00e4mme t\u00e4h\u00e4n luvan henkil\u00f6lt\u00e4, jonka tiedoista on kyse ennen ylim\u00e4\u00e4r\u00e4isen s\u00e4ilytyksen alkua.<\/span><\/p>\n<h1>4. Henkil\u00f6tietojesi k\u00e4sittelyn peruste, k\u00e4ytt\u00f6tarkoitukset ja vaikutukset<\/h1>\n<p><span style=\"font-weight: 400;\">K\u00e4sittelemme j\u00e4sentemme henkil\u00f6tietoja, mik\u00e4 perustuu sopimussuhteeseen j\u00e4rjest\u00f6n ja kyseisen henkil\u00f6n v\u00e4lill\u00e4. K\u00e4sittelemme my\u00f6s sellaisten henkil\u00f6iden tietoja, jotka eiv\u00e4t ole j\u00e4seni\u00e4mme, jolloin se on oikeutettu etumme ja perustuu mahdolliseen tulevaan sopimussuhteeseen.<\/span><\/p>\n<h1>5. Henkil\u00f6tietojesi luovutus kolmansille osapuolille<\/h1>\n<p><span style=\"font-weight: 400;\">Emme luovuta henkil\u00f6tietoja kolmansille osapuolille. Koska emme luovuta henkil\u00f6tietoja kolmansille osapuolille, emme my\u00f6sk\u00e4\u00e4n siirr\u00e4 niit\u00e4 EU:n tai Euroopan talousalueen ulkopuolelle<\/span><\/p>\n<h1>6. Henkil\u00f6tietojesi k\u00e4sittelyyn liittyv\u00e4t oikeudet<\/h1>\n<p><strong>Sinulla on oikeus tietosuojalains\u00e4\u00e4d\u00e4nn\u00f6n mukaisesti milloin tahansa:<\/strong><\/p>\n<ul>\n<li style=\"font-weight: 400;\"><span style=\"font-weight: 400;\">Saada tieto henkil\u00f6tietojesi k\u00e4sittelyst\u00e4;<\/span><\/li>\n<li style=\"font-weight: 400;\"><span style=\"font-weight: 400;\">Saada p\u00e4\u00e4sy omiin tietoihisi ja tarkastaa itse\u00e4si koskevat k\u00e4sittelem\u00e4mme henkil\u00f6tiedot;<\/span><\/li>\n<li style=\"font-weight: 400;\"><span style=\"font-weight: 400;\">Vaatia ep\u00e4tarkan ja virheellisen henkil\u00f6tiedon oikaisua ja tietojen t\u00e4ydent\u00e4mist\u00e4;<\/span><\/li>\n<li style=\"font-weight: 400;\"><span style=\"font-weight: 400;\">Vaatia henkil\u00f6tietojesi poistamista;<\/span><\/li>\n<li style=\"font-weight: 400;\"><span style=\"font-weight: 400;\">Peruuttaa suostumuksesi ja vastustaa henkil\u00f6tietojesi k\u00e4sittely\u00e4 silt\u00e4 osin, kuin henkil\u00f6tietojesi k\u00e4sittely perustuu antamaasi suostumukseen;<\/span><\/li>\n<li style=\"font-weight: 400;\"><span style=\"font-weight: 400;\">Vastustaa henkil\u00f6tietojesi k\u00e4sittely\u00e4 henkil\u00f6kohtaiseen erityiseen tilanteeseesi liittyv\u00e4ll\u00e4 perusteella silt\u00e4 osin kuin henkil\u00f6tietojesi k\u00e4sittelyperusteena on oikeutettu etumme;<\/span><\/li>\n<li style=\"font-weight: 400;\"><span style=\"font-weight: 400;\">Saada henkil\u00f6tietosi koneluettavassa muodossa ja siirt\u00e4\u00e4 kyseiset tiedot toiselle rekisterinpit\u00e4j\u00e4lle edellytt\u00e4en, ett\u00e4 olet itse toimittanut kyseiset henkil\u00f6tiedot meille, k\u00e4sittelemme kyseisi\u00e4 henkil\u00f6tietoja sopimuksen tai antamasi suostumuksen perusteella ja k\u00e4sittely suoritetaan automaattisesti;<\/span><\/li>\n<li style=\"font-weight: 400;\"><span style=\"font-weight: 400;\">ja vaatia henkil\u00f6tietojesi k\u00e4sittelyn rajoittamista.<\/span><\/li>\n<\/ul>\n<p><span style=\"font-weight: 400;\">P\u00e4\u00e4asiassa n\u00e4iden oikeuksien toteutuminen rekisteriss\u00e4mme perustuu oikeuteen muokata omia henkil\u00f6tietojaan, mik\u00e4 tapahtuu liittymislomakkeen sivun kautta antamasi s\u00e4hk\u00f6postiosoitteen perusteella. Joitakin hallinnollisia tietoja, jotka olemme ker\u00e4nneet ei n\u00e4ytet\u00e4 kyseisell\u00e4 sivustolla. Oikeuksien toteutuminen hallinnollisten tietojen osalta tapahtuu \u00a0yhteydenoton kautta.<\/span><\/p>\n<h1>7. Henkil\u00f6tietorekisterin suojaus<\/h1>\n<p><span style=\"font-weight: 400;\">Kunnioitamme henkil\u00f6tietojen luottamuksellisuutta. Tietojen s\u00e4ilytys digitaalisessa muodossa perustuu aina rajattuun p\u00e4\u00e4syyn rekisteriin ja salaukseen. Rekisteriin on p\u00e4\u00e4sy vain henkil\u00f6ill\u00e4, jolla on siihen p\u00e4tev\u00e4 syy. Jos s\u00e4ilyt\u00e4mme kopiota henkil\u00f6tiedoistasi rekisterin ulkopuolella, tuhotaan t\u00e4m\u00e4 kopio heti k\u00e4yt\u00f6n j\u00e4lkeen.<\/span><\/p>\n<h1>8. Yhteydenotot<\/h1>\n<p><span style=\"font-weight: 400;\">Kaikki yll\u00e4mainittuihin oikeuksiin ja muihin henkil\u00f6tietoihin liittyviin kysymyksiin yhteydenotot kehotetaan tekem\u00e4\u00e4n s\u00e4hk\u00f6postitse osoitteeseen icahd (at) icahd.fi.<\/span><\/p>","protected":false},"excerpt":{"rendered":"<p>ICAHD Finland tietosuojak\u00e4yt\u00e4nt\u00f6, t\u00e4yteenpantu 19.7.2018. 1. Yleist\u00e4 ICAHD Finland ry (T\u00e4ss\u00e4 tekstiss\u00e4 \u201cme\u201d tai \u201cj\u00e4rjest\u00f6\u201d) ker\u00e4\u00e4 rekisteri\u00e4 j\u00e4senist\u00e4\u00e4n (T\u00e4st\u00e4 l\u00e4htien \u201crekisteri\u201d) EU:n tietosuojaperiaatteiden mukaisesti. T\u00e4ll\u00e4 sivulla kerromme mink\u00e4laisia tietoja ker\u00e4\u00e4mme ja miten k\u00e4yt\u00e4mme niit\u00e4. 2. Rekisterinpit\u00e4j\u00e4 ja yhteyshenkil\u00f6 Nimi: ICAHD Finland ry Y-tunnus: 2544439-6 Yhteydenotot: icahd (at) icahd.fi 3. Ker\u00e4\u00e4m\u00e4mme henkil\u00f6tiedot Rekisteriss\u00e4mme on nykyisten ja [&hellip;]<\/p>\n","protected":false},"author":9,"featured_media":0,"parent":0,"menu_order":0,"comment_status":"closed","ping_status":"closed","template":"","meta":{"zakra_page_container_layout":"customizer","zakra_page_sidebar_layout":"customizer","zakra_remove_content_margin":false,"zakra_sidebar":"customizer","zakra_transparent_header":"customizer","zakra_logo":0,"zakra_main_header_style":"default","zakra_menu_item_color":"","zakra_menu_item_hover_color":"","zakra_menu_item_active_color":"","zakra_menu_active_style":"","zakra_page_header":true,"footnotes":""},"class_list":["post-6675","page","type-page","status-publish","hentry"],"yoast_head":"<!-- This site is optimized with the Yoast SEO plugin v27.4 - https:\/\/yoast.com\/product\/yoast-seo-wordpress\/ -->\n<title>Tietosuojaseloste - ICAHD Finland<\/title>\n<meta name=\"robots\" content=\"index, follow, max-snippet:-1, max-image-preview:large, max-video-preview:-1\" \/>\n<link rel=\"canonical\" href=\"https:\/\/www.icahd.fi\/en\/tietosuojaseloste\/\" \/>\n<meta property=\"og:locale\" content=\"en_GB\" \/>\n<meta property=\"og:type\" content=\"article\" \/>\n<meta property=\"og:title\" content=\"Tietosuojaseloste - ICAHD Finland\" \/>\n<meta property=\"og:description\" content=\"ICAHD Finland tietosuojak\u00e4yt\u00e4nt\u00f6, t\u00e4yteenpantu 19.7.2018. 1. Yleist\u00e4 ICAHD Finland ry (T\u00e4ss\u00e4 tekstiss\u00e4 \u201cme\u201d tai \u201cj\u00e4rjest\u00f6\u201d) ker\u00e4\u00e4 rekisteri\u00e4 j\u00e4senist\u00e4\u00e4n (T\u00e4st\u00e4 l\u00e4htien \u201crekisteri\u201d) EU:n tietosuojaperiaatteiden mukaisesti. T\u00e4ll\u00e4 sivulla kerromme mink\u00e4laisia tietoja ker\u00e4\u00e4mme ja miten k\u00e4yt\u00e4mme niit\u00e4. 2. Rekisterinpit\u00e4j\u00e4 ja yhteyshenkil\u00f6 Nimi: ICAHD Finland ry Y-tunnus: 2544439-6 Yhteydenotot: icahd (at) icahd.fi 3. Ker\u00e4\u00e4m\u00e4mme henkil\u00f6tiedot Rekisteriss\u00e4mme on nykyisten ja [&hellip;]\" \/>\n<meta property=\"og:url\" content=\"https:\/\/www.icahd.fi\/en\/tietosuojaseloste\/\" \/>\n<meta property=\"og:site_name\" content=\"ICAHD Finland\" \/>\n<meta property=\"article:publisher\" content=\"https:\/\/www.facebook.com\/icahdfinland\" \/>\n<meta property=\"article:modified_time\" content=\"2018-12-13T10:16:06+00:00\" \/>\n<meta property=\"og:image\" content=\"https:\/\/www.icahd.fi\/wp-content\/uploads\/2020\/01\/logo-teksti.png\" \/>\n\t<meta property=\"og:image:width\" content=\"300\" \/>\n\t<meta property=\"og:image:height\" content=\"109\" \/>\n\t<meta property=\"og:image:type\" content=\"image\/png\" \/>\n<meta name=\"twitter:card\" content=\"summary_large_image\" \/>\n<meta name=\"twitter:site\" content=\"@icahdfinland\" \/>\n<meta name=\"twitter:label1\" content=\"Estimated reading time\" \/>\n\t<meta name=\"twitter:data1\" content=\"3 minutes\" \/>\n<script type=\"application\/ld+json\" class=\"yoast-schema-graph\">{\"@context\":\"https:\\\/\\\/schema.org\",\"@graph\":[{\"@type\":\"WebPage\",\"@id\":\"https:\\\/\\\/www.icahd.fi\\\/tietosuojaseloste\\\/\",\"url\":\"https:\\\/\\\/www.icahd.fi\\\/tietosuojaseloste\\\/\",\"name\":\"Tietosuojaseloste - ICAHD Finland\",\"isPartOf\":{\"@id\":\"https:\\\/\\\/www.icahd.fi\\\/#website\"},\"datePublished\":\"2018-07-19T12:43:44+00:00\",\"dateModified\":\"2018-12-13T10:16:06+00:00\",\"breadcrumb\":{\"@id\":\"https:\\\/\\\/www.icahd.fi\\\/tietosuojaseloste\\\/#breadcrumb\"},\"inLanguage\":\"en-GB\",\"potentialAction\":[{\"@type\":\"ReadAction\",\"target\":[\"https:\\\/\\\/www.icahd.fi\\\/tietosuojaseloste\\\/\"]}]},{\"@type\":\"BreadcrumbList\",\"@id\":\"https:\\\/\\\/www.icahd.fi\\\/tietosuojaseloste\\\/#breadcrumb\",\"itemListElement\":[{\"@type\":\"ListItem\",\"position\":1,\"name\":\"Home\",\"item\":\"https:\\\/\\\/www.icahd.fi\\\/\"},{\"@type\":\"ListItem\",\"position\":2,\"name\":\"Tietosuojaseloste\"}]},{\"@type\":\"WebSite\",\"@id\":\"https:\\\/\\\/www.icahd.fi\\\/#website\",\"url\":\"https:\\\/\\\/www.icahd.fi\\\/\",\"name\":\"ICAHD Finland\",\"description\":\"Yht&auml;l&auml;isten oikeuksien puolesta, Israelin apartheidia vastaan\",\"publisher\":{\"@id\":\"https:\\\/\\\/www.icahd.fi\\\/#organization\"},\"potentialAction\":[{\"@type\":\"SearchAction\",\"target\":{\"@type\":\"EntryPoint\",\"urlTemplate\":\"https:\\\/\\\/www.icahd.fi\\\/?s={search_term_string}\"},\"query-input\":{\"@type\":\"PropertyValueSpecification\",\"valueRequired\":true,\"valueName\":\"search_term_string\"}}],\"inLanguage\":\"en-GB\"},{\"@type\":\"Organization\",\"@id\":\"https:\\\/\\\/www.icahd.fi\\\/#organization\",\"name\":\"ICAHD Finland\",\"url\":\"https:\\\/\\\/www.icahd.fi\\\/\",\"logo\":{\"@type\":\"ImageObject\",\"inLanguage\":\"en-GB\",\"@id\":\"https:\\\/\\\/www.icahd.fi\\\/#\\\/schema\\\/logo\\\/image\\\/\",\"url\":\"https:\\\/\\\/www.icahd.fi\\\/wp-content\\\/uploads\\\/2020\\\/01\\\/logo-teksti.png\",\"contentUrl\":\"https:\\\/\\\/www.icahd.fi\\\/wp-content\\\/uploads\\\/2020\\\/01\\\/logo-teksti.png\",\"width\":300,\"height\":109,\"caption\":\"ICAHD Finland\"},\"image\":{\"@id\":\"https:\\\/\\\/www.icahd.fi\\\/#\\\/schema\\\/logo\\\/image\\\/\"},\"sameAs\":[\"https:\\\/\\\/www.facebook.com\\\/icahdfinland\",\"https:\\\/\\\/x.com\\\/icahdfinland\"]}]}<\/script>\n<!-- \/ Yoast SEO plugin. -->","yoast_head_json":{"title":"Tietosuojaseloste - ICAHD Finland","robots":{"index":"index","follow":"follow","max-snippet":"max-snippet:-1","max-image-preview":"max-image-preview:large","max-video-preview":"max-video-preview:-1"},"canonical":"https:\/\/www.icahd.fi\/en\/tietosuojaseloste\/","og_locale":"en_GB","og_type":"article","og_title":"Tietosuojaseloste - ICAHD Finland","og_description":"ICAHD Finland tietosuojak\u00e4yt\u00e4nt\u00f6, t\u00e4yteenpantu 19.7.2018. 1. Yleist\u00e4 ICAHD Finland ry (T\u00e4ss\u00e4 tekstiss\u00e4 \u201cme\u201d tai \u201cj\u00e4rjest\u00f6\u201d) ker\u00e4\u00e4 rekisteri\u00e4 j\u00e4senist\u00e4\u00e4n (T\u00e4st\u00e4 l\u00e4htien \u201crekisteri\u201d) EU:n tietosuojaperiaatteiden mukaisesti. T\u00e4ll\u00e4 sivulla kerromme mink\u00e4laisia tietoja ker\u00e4\u00e4mme ja miten k\u00e4yt\u00e4mme niit\u00e4. 2. Rekisterinpit\u00e4j\u00e4 ja yhteyshenkil\u00f6 Nimi: ICAHD Finland ry Y-tunnus: 2544439-6 Yhteydenotot: icahd (at) icahd.fi 3. Ker\u00e4\u00e4m\u00e4mme henkil\u00f6tiedot Rekisteriss\u00e4mme on nykyisten ja [&hellip;]","og_url":"https:\/\/www.icahd.fi\/en\/tietosuojaseloste\/","og_site_name":"ICAHD Finland","article_publisher":"https:\/\/www.facebook.com\/icahdfinland","article_modified_time":"2018-12-13T10:16:06+00:00","og_image":[{"width":300,"height":109,"url":"https:\/\/www.icahd.fi\/wp-content\/uploads\/2020\/01\/logo-teksti.png","type":"image\/png"}],"twitter_card":"summary_large_image","twitter_site":"@icahdfinland","twitter_misc":{"Estimated reading time":"3 minutes"},"schema":{"@context":"https:\/\/schema.org","@graph":[{"@type":"WebPage","@id":"https:\/\/www.icahd.fi\/tietosuojaseloste\/","url":"https:\/\/www.icahd.fi\/tietosuojaseloste\/","name":"Tietosuojaseloste - ICAHD Finland","isPartOf":{"@id":"https:\/\/www.icahd.fi\/#website"},"datePublished":"2018-07-19T12:43:44+00:00","dateModified":"2018-12-13T10:16:06+00:00","breadcrumb":{"@id":"https:\/\/www.icahd.fi\/tietosuojaseloste\/#breadcrumb"},"inLanguage":"en-GB","potentialAction":[{"@type":"ReadAction","target":["https:\/\/www.icahd.fi\/tietosuojaseloste\/"]}]},{"@type":"BreadcrumbList","@id":"https:\/\/www.icahd.fi\/tietosuojaseloste\/#breadcrumb","itemListElement":[{"@type":"ListItem","position":1,"name":"Home","item":"https:\/\/www.icahd.fi\/"},{"@type":"ListItem","position":2,"name":"Tietosuojaseloste"}]},{"@type":"WebSite","@id":"https:\/\/www.icahd.fi\/#website","url":"https:\/\/www.icahd.fi\/","name":"In 2012, ICAHD Finland","description":"Yht&auml;l&auml;isten oikeuksien puolesta, Israelin apartheidia vastaan","publisher":{"@id":"https:\/\/www.icahd.fi\/#organization"},"potentialAction":[{"@type":"SearchAction","target":{"@type":"EntryPoint","urlTemplate":"https:\/\/www.icahd.fi\/?s={search_term_string}"},"query-input":{"@type":"PropertyValueSpecification","valueRequired":true,"valueName":"search_term_string"}}],"inLanguage":"en-GB"},{"@type":"Organization","@id":"https:\/\/www.icahd.fi\/#organization","name":"In 2012, ICAHD Finland","url":"https:\/\/www.icahd.fi\/","logo":{"@type":"ImageObject","inLanguage":"en-GB","@id":"https:\/\/www.icahd.fi\/#\/schema\/logo\/image\/","url":"https:\/\/www.icahd.fi\/wp-content\/uploads\/2020\/01\/logo-teksti.png","contentUrl":"https:\/\/www.icahd.fi\/wp-content\/uploads\/2020\/01\/logo-teksti.png","width":300,"height":109,"caption":"ICAHD Finland"},"image":{"@id":"https:\/\/www.icahd.fi\/#\/schema\/logo\/image\/"},"sameAs":["https:\/\/www.facebook.com\/icahdfinland","https:\/\/x.com\/icahdfinland"]}]}},"acf":[],"_links":{"self":[{"href":"https:\/\/www.icahd.fi\/en\/wp-json\/wp\/v2\/pages\/6675","targetHints":{"allow":["GET"]}}],"collection":[{"href":"https:\/\/www.icahd.fi\/en\/wp-json\/wp\/v2\/pages"}],"about":[{"href":"https:\/\/www.icahd.fi\/en\/wp-json\/wp\/v2\/types\/page"}],"author":[{"embeddable":true,"href":"https:\/\/www.icahd.fi\/en\/wp-json\/wp\/v2\/users\/9"}],"replies":[{"embeddable":true,"href":"https:\/\/www.icahd.fi\/en\/wp-json\/wp\/v2\/comments?post=6675"}],"version-history":[{"count":3,"href":"https:\/\/www.icahd.fi\/en\/wp-json\/wp\/v2\/pages\/6675\/revisions"}],"predecessor-version":[{"id":6678,"href":"https:\/\/www.icahd.fi\/en\/wp-json\/wp\/v2\/pages\/6675\/revisions\/6678"}],"wp:attachment":[{"href":"https:\/\/www.icahd.fi\/en\/wp-json\/wp\/v2\/media?parent=6675"}],"curies":[{"name":"wp","href":"https:\/\/api.w.org\/{rel}","templated":true}]}}