{"id":6411,"date":"2018-03-23T15:31:45","date_gmt":"2018-03-23T13:31:45","guid":{"rendered":"http:\/\/www.icahd.fi\/?page_id=6411"},"modified":"2018-12-13T12:16:06","modified_gmt":"2018-12-13T10:16:06","slug":"rakennusleiri-2018","status":"publish","type":"page","link":"https:\/\/www.icahd.fi\/en\/rakennusleiri-2018\/","title":{"rendered":"Rakennusleiri 2018"},"content":{"rendered":"<h1 class=\"entry-title\">Haku ICAHDin lokakuun rakennusleirille ja kiertueelle on p\u00e4\u00e4ttynyt<\/h1>\n<ul>\n<li>Leiri ja kiertue pidet\u00e4\u00e4n lokakuussa 2018.<\/li>\n<li>Ne ovat on osa v\u00e4kivallatonta vastarintaa palestiinalaisalueiden miehityst\u00e4 vastaan.<\/li>\n<li>Osallistumme konkreettiseen toimintaan sek\u00e4 tutustumme tilanteeseen ja toimijoihin paikan p\u00e4\u00e4ll\u00e4 miehitetyll\u00e4 L\u00e4nsirannalla ja Israelissa.<img fetchpriority=\"high\" decoding=\"async\" class=\"alignnone wp-image-6447\" src=\"http:\/\/www.icahd.fi\/wp-content\/uploads\/2018\/03\/20180320_152356-300x169.jpg\" alt=\"\" width=\"525\" height=\"295\" srcset=\"https:\/\/www.icahd.fi\/wp-content\/uploads\/2018\/03\/20180320_152356-300x169.jpg 300w, https:\/\/www.icahd.fi\/wp-content\/uploads\/2018\/03\/20180320_152356-600x338.jpg 600w, https:\/\/www.icahd.fi\/wp-content\/uploads\/2018\/03\/20180320_152356-768x432.jpg 768w, https:\/\/www.icahd.fi\/wp-content\/uploads\/2018\/03\/20180320_152356-1024x576.jpg 1024w\" sizes=\"(max-width: 525px) 100vw, 525px\" \/><br \/>\nIs\u00e4nt\u00e4mme Rasheed Jordanin laakson solidaarisuuskampanjan keskuksen edess\u00e4.<\/li>\n<\/ul>\n<p><span style=\"font-weight: 400;\"><strong>RAKENNAMME<\/strong> miehitetyll\u00e4 L\u00e4nsirannalla Jordanin laaksossa\u00a0ekologisen yhteis\u00f6keskuksen yhdess\u00e4 Jordanin\u00a0laakson solidaarisuuskampanjan kanssa. Se palvelee 15 pient\u00e4 palestiinalaista yhteis\u00f6\u00e4, jotka kamppailevat pysy\u00e4kseen kodeissaan miehitysjoukkojen yritt\u00e4ess\u00e4 h\u00e4\u00e4t\u00e4\u00e4 heit\u00e4. Viet\u00e4mme Jordanin laaksossa kolme p\u00e4iv\u00e4\u00e4, tutustumme paimentolaisperheiden olosuhteisiin ja saamme tietoa kotien tuhoamisesta ja palestiinalaisten h\u00e4\u00e4t\u00e4misest\u00e4.<br \/>\n<\/span><\/p>\n<p><span style=\"font-weight: 400;\"><strong>KER\u00c4\u00c4MME<\/strong> oliiveja kyl\u00e4ss\u00e4 L\u00e4nsirannalla Torat Tzedek-j\u00e4rjest\u00f6n rabbi Arik Aschermanin johdolla. Asumme kyl\u00e4n palestiinalaisperheiden kanssa kolme p\u00e4iv\u00e4\u00e4 ja opimme heid\u00e4n kamppailustaan pit\u00e4\u00e4 kotinsa ja saada takaisin maansa.<br \/>\n<\/span><\/p>\n<p><strong>OPIMME<\/strong> lis\u00e4\u00e4 eri aiheista Bethlemiss\u00e4, miss\u00e4 y\u00f6vymme nelj\u00e4 y\u00f6t\u00e4 hotellissa. Opintomatkoilla tutustumme Miehitettyjen Palestiinalaisalueiden ja Israelin tilanteeseen Jerusalemissa, Hebronissa, Bethlehemissa, Negevin autiomaassa, Jaffassa ja Tel Avivissa. Tapaamme miehityst\u00e4 vastustavia israelilaisia ja opimme kest\u00e4v\u00e4n ja oikeudenmukaisen ratkaisun edellytyksist\u00e4.<\/p>\n<p><span style=\"font-weight: 400;\"><strong>LEIRIN HINTA <\/strong>on 1060\u20ac, Se kattaa kattaa kaikki ohjelman kulut: ruoan, majoituksen, opintomatkat ja materiaalit. Leirimaksu ei kata lentoja, matkustusta Jerusalemiin ja takaisin, eik\u00e4 k\u00e4ytt\u00f6rahaa matkalle. Osallistujat ovat vastuussa omista vakuutuksistaan.<\/span><\/p>\n<p><span style=\"font-weight: 400;\"><strong>ICAHDilla<\/strong>\u00a0on paljon kokemusta rakennusleirien ja kiertueiden j\u00e4rjest\u00e4misest\u00e4 ja rabbi Arik Ascherman on toiminut is\u00e4nt\u00e4n\u00e4 vieraille kaikkialta maailmasta. Lis\u00e4tietoja leirist\u00e4 englanniksi l\u00f6ytyy osoitteessa <a href=\"http:\/\/www.icahd.org\/rebuilding-camp\/\">icahd.org\/rebuilding-camp<\/a>.<\/span><\/p>\n<p><span style=\"font-weight: 400;\">Haku vuoden 2018 leirille on p\u00e4\u00e4ttynyt, ICAHD Finland kiitt\u00e4\u00e4 kaikkia leirille hakeneita. Ilmoitamme seuraavasta ICAHD rakennusleirist\u00e4, kun se on ajankohtainen.<br \/>\n<\/span><\/p>\n<p><span style=\"font-weight: 400;\">N\u00e4hd\u00e4\u00e4n lokakuussa!<\/span><\/p>\n<p>&nbsp;<\/p>","protected":false},"excerpt":{"rendered":"<p>Haku ICAHDin lokakuun rakennusleirille ja kiertueelle on p\u00e4\u00e4ttynyt Leiri ja kiertue pidet\u00e4\u00e4n lokakuussa 2018. Ne ovat on osa v\u00e4kivallatonta vastarintaa palestiinalaisalueiden miehityst\u00e4 vastaan. Osallistumme konkreettiseen toimintaan sek\u00e4 tutustumme tilanteeseen ja toimijoihin paikan p\u00e4\u00e4ll\u00e4 miehitetyll\u00e4 L\u00e4nsirannalla ja Israelissa. Is\u00e4nt\u00e4mme Rasheed Jordanin laakson solidaarisuuskampanjan keskuksen edess\u00e4. RAKENNAMME miehitetyll\u00e4 L\u00e4nsirannalla Jordanin laaksossa\u00a0ekologisen yhteis\u00f6keskuksen yhdess\u00e4 Jordanin\u00a0laakson solidaarisuuskampanjan kanssa. Se [&hellip;]<\/p>\n","protected":false},"author":9,"featured_media":0,"parent":0,"menu_order":0,"comment_status":"closed","ping_status":"closed","template":"","meta":{"zakra_page_container_layout":"customizer","zakra_page_sidebar_layout":"customizer","zakra_remove_content_margin":false,"zakra_sidebar":"customizer","zakra_transparent_header":"customizer","zakra_logo":0,"zakra_main_header_style":"default","zakra_menu_item_color":"","zakra_menu_item_hover_color":"","zakra_menu_item_active_color":"","zakra_menu_active_style":"","zakra_page_header":true,"footnotes":""},"class_list":["post-6411","page","type-page","status-publish","hentry"],"yoast_head":"<!-- This site is optimized with the Yoast SEO plugin v27.4 - https:\/\/yoast.com\/product\/yoast-seo-wordpress\/ -->\n<title>Rakennusleiri 2018 - ICAHD Finland<\/title>\n<meta name=\"robots\" content=\"index, follow, max-snippet:-1, max-image-preview:large, max-video-preview:-1\" \/>\n<link rel=\"canonical\" href=\"https:\/\/www.icahd.fi\/en\/rakennusleiri-2018\/\" \/>\n<meta property=\"og:locale\" content=\"en_GB\" \/>\n<meta property=\"og:type\" content=\"article\" \/>\n<meta property=\"og:title\" content=\"Rakennusleiri 2018 - ICAHD Finland\" \/>\n<meta property=\"og:description\" content=\"Haku ICAHDin lokakuun rakennusleirille ja kiertueelle on p\u00e4\u00e4ttynyt Leiri ja kiertue pidet\u00e4\u00e4n lokakuussa 2018. Ne ovat on osa v\u00e4kivallatonta vastarintaa palestiinalaisalueiden miehityst\u00e4 vastaan. Osallistumme konkreettiseen toimintaan sek\u00e4 tutustumme tilanteeseen ja toimijoihin paikan p\u00e4\u00e4ll\u00e4 miehitetyll\u00e4 L\u00e4nsirannalla ja Israelissa. Is\u00e4nt\u00e4mme Rasheed Jordanin laakson solidaarisuuskampanjan keskuksen edess\u00e4. RAKENNAMME miehitetyll\u00e4 L\u00e4nsirannalla Jordanin laaksossa\u00a0ekologisen yhteis\u00f6keskuksen yhdess\u00e4 Jordanin\u00a0laakson solidaarisuuskampanjan kanssa. Se [&hellip;]\" \/>\n<meta property=\"og:url\" content=\"https:\/\/www.icahd.fi\/en\/rakennusleiri-2018\/\" \/>\n<meta property=\"og:site_name\" content=\"ICAHD Finland\" \/>\n<meta property=\"article:publisher\" content=\"https:\/\/www.facebook.com\/icahdfinland\" \/>\n<meta property=\"article:modified_time\" content=\"2018-12-13T10:16:06+00:00\" \/>\n<meta property=\"og:image\" content=\"http:\/\/www.icahd.fi\/wp-content\/uploads\/2018\/03\/20180320_152356-300x169.jpg\" \/>\n<meta name=\"twitter:card\" content=\"summary_large_image\" \/>\n<meta name=\"twitter:site\" content=\"@icahdfinland\" \/>\n<meta name=\"twitter:label1\" content=\"Estimated reading time\" \/>\n\t<meta name=\"twitter:data1\" content=\"1 minute\" \/>\n<script type=\"application\/ld+json\" class=\"yoast-schema-graph\">{\"@context\":\"https:\\\/\\\/schema.org\",\"@graph\":[{\"@type\":\"WebPage\",\"@id\":\"https:\\\/\\\/www.icahd.fi\\\/rakennusleiri-2018\\\/\",\"url\":\"https:\\\/\\\/www.icahd.fi\\\/rakennusleiri-2018\\\/\",\"name\":\"Rakennusleiri 2018 - ICAHD Finland\",\"isPartOf\":{\"@id\":\"https:\\\/\\\/www.icahd.fi\\\/#website\"},\"primaryImageOfPage\":{\"@id\":\"https:\\\/\\\/www.icahd.fi\\\/rakennusleiri-2018\\\/#primaryimage\"},\"image\":{\"@id\":\"https:\\\/\\\/www.icahd.fi\\\/rakennusleiri-2018\\\/#primaryimage\"},\"thumbnailUrl\":\"http:\\\/\\\/www.icahd.fi\\\/wp-content\\\/uploads\\\/2018\\\/03\\\/20180320_152356-300x169.jpg\",\"datePublished\":\"2018-03-23T13:31:45+00:00\",\"dateModified\":\"2018-12-13T10:16:06+00:00\",\"breadcrumb\":{\"@id\":\"https:\\\/\\\/www.icahd.fi\\\/rakennusleiri-2018\\\/#breadcrumb\"},\"inLanguage\":\"en-GB\",\"potentialAction\":[{\"@type\":\"ReadAction\",\"target\":[\"https:\\\/\\\/www.icahd.fi\\\/rakennusleiri-2018\\\/\"]}]},{\"@type\":\"ImageObject\",\"inLanguage\":\"en-GB\",\"@id\":\"https:\\\/\\\/www.icahd.fi\\\/rakennusleiri-2018\\\/#primaryimage\",\"url\":\"http:\\\/\\\/www.icahd.fi\\\/wp-content\\\/uploads\\\/2018\\\/03\\\/20180320_152356-300x169.jpg\",\"contentUrl\":\"http:\\\/\\\/www.icahd.fi\\\/wp-content\\\/uploads\\\/2018\\\/03\\\/20180320_152356-300x169.jpg\"},{\"@type\":\"BreadcrumbList\",\"@id\":\"https:\\\/\\\/www.icahd.fi\\\/rakennusleiri-2018\\\/#breadcrumb\",\"itemListElement\":[{\"@type\":\"ListItem\",\"position\":1,\"name\":\"Home\",\"item\":\"https:\\\/\\\/www.icahd.fi\\\/\"},{\"@type\":\"ListItem\",\"position\":2,\"name\":\"Rakennusleiri 2018\"}]},{\"@type\":\"WebSite\",\"@id\":\"https:\\\/\\\/www.icahd.fi\\\/#website\",\"url\":\"https:\\\/\\\/www.icahd.fi\\\/\",\"name\":\"ICAHD Finland\",\"description\":\"Yht&auml;l&auml;isten oikeuksien puolesta, Israelin apartheidia vastaan\",\"publisher\":{\"@id\":\"https:\\\/\\\/www.icahd.fi\\\/#organization\"},\"potentialAction\":[{\"@type\":\"SearchAction\",\"target\":{\"@type\":\"EntryPoint\",\"urlTemplate\":\"https:\\\/\\\/www.icahd.fi\\\/?s={search_term_string}\"},\"query-input\":{\"@type\":\"PropertyValueSpecification\",\"valueRequired\":true,\"valueName\":\"search_term_string\"}}],\"inLanguage\":\"en-GB\"},{\"@type\":\"Organization\",\"@id\":\"https:\\\/\\\/www.icahd.fi\\\/#organization\",\"name\":\"ICAHD Finland\",\"url\":\"https:\\\/\\\/www.icahd.fi\\\/\",\"logo\":{\"@type\":\"ImageObject\",\"inLanguage\":\"en-GB\",\"@id\":\"https:\\\/\\\/www.icahd.fi\\\/#\\\/schema\\\/logo\\\/image\\\/\",\"url\":\"https:\\\/\\\/www.icahd.fi\\\/wp-content\\\/uploads\\\/2020\\\/01\\\/logo-teksti.png\",\"contentUrl\":\"https:\\\/\\\/www.icahd.fi\\\/wp-content\\\/uploads\\\/2020\\\/01\\\/logo-teksti.png\",\"width\":300,\"height\":109,\"caption\":\"ICAHD Finland\"},\"image\":{\"@id\":\"https:\\\/\\\/www.icahd.fi\\\/#\\\/schema\\\/logo\\\/image\\\/\"},\"sameAs\":[\"https:\\\/\\\/www.facebook.com\\\/icahdfinland\",\"https:\\\/\\\/x.com\\\/icahdfinland\"]}]}<\/script>\n<!-- \/ Yoast SEO plugin. -->","yoast_head_json":{"title":"Rakennusleiri 2018 - ICAHD Finland","robots":{"index":"index","follow":"follow","max-snippet":"max-snippet:-1","max-image-preview":"max-image-preview:large","max-video-preview":"max-video-preview:-1"},"canonical":"https:\/\/www.icahd.fi\/en\/rakennusleiri-2018\/","og_locale":"en_GB","og_type":"article","og_title":"Rakennusleiri 2018 - ICAHD Finland","og_description":"Haku ICAHDin lokakuun rakennusleirille ja kiertueelle on p\u00e4\u00e4ttynyt Leiri ja kiertue pidet\u00e4\u00e4n lokakuussa 2018. Ne ovat on osa v\u00e4kivallatonta vastarintaa palestiinalaisalueiden miehityst\u00e4 vastaan. Osallistumme konkreettiseen toimintaan sek\u00e4 tutustumme tilanteeseen ja toimijoihin paikan p\u00e4\u00e4ll\u00e4 miehitetyll\u00e4 L\u00e4nsirannalla ja Israelissa. Is\u00e4nt\u00e4mme Rasheed Jordanin laakson solidaarisuuskampanjan keskuksen edess\u00e4. RAKENNAMME miehitetyll\u00e4 L\u00e4nsirannalla Jordanin laaksossa\u00a0ekologisen yhteis\u00f6keskuksen yhdess\u00e4 Jordanin\u00a0laakson solidaarisuuskampanjan kanssa. Se [&hellip;]","og_url":"https:\/\/www.icahd.fi\/en\/rakennusleiri-2018\/","og_site_name":"ICAHD Finland","article_publisher":"https:\/\/www.facebook.com\/icahdfinland","article_modified_time":"2018-12-13T10:16:06+00:00","og_image":[{"url":"http:\/\/www.icahd.fi\/wp-content\/uploads\/2018\/03\/20180320_152356-300x169.jpg","type":"","width":"","height":""}],"twitter_card":"summary_large_image","twitter_site":"@icahdfinland","twitter_misc":{"Estimated reading time":"1 minute"},"schema":{"@context":"https:\/\/schema.org","@graph":[{"@type":"WebPage","@id":"https:\/\/www.icahd.fi\/rakennusleiri-2018\/","url":"https:\/\/www.icahd.fi\/rakennusleiri-2018\/","name":"Rakennusleiri 2018 - ICAHD Finland","isPartOf":{"@id":"https:\/\/www.icahd.fi\/#website"},"primaryImageOfPage":{"@id":"https:\/\/www.icahd.fi\/rakennusleiri-2018\/#primaryimage"},"image":{"@id":"https:\/\/www.icahd.fi\/rakennusleiri-2018\/#primaryimage"},"thumbnailUrl":"http:\/\/www.icahd.fi\/wp-content\/uploads\/2018\/03\/20180320_152356-300x169.jpg","datePublished":"2018-03-23T13:31:45+00:00","dateModified":"2018-12-13T10:16:06+00:00","breadcrumb":{"@id":"https:\/\/www.icahd.fi\/rakennusleiri-2018\/#breadcrumb"},"inLanguage":"en-GB","potentialAction":[{"@type":"ReadAction","target":["https:\/\/www.icahd.fi\/rakennusleiri-2018\/"]}]},{"@type":"ImageObject","inLanguage":"en-GB","@id":"https:\/\/www.icahd.fi\/rakennusleiri-2018\/#primaryimage","url":"http:\/\/www.icahd.fi\/wp-content\/uploads\/2018\/03\/20180320_152356-300x169.jpg","contentUrl":"http:\/\/www.icahd.fi\/wp-content\/uploads\/2018\/03\/20180320_152356-300x169.jpg"},{"@type":"BreadcrumbList","@id":"https:\/\/www.icahd.fi\/rakennusleiri-2018\/#breadcrumb","itemListElement":[{"@type":"ListItem","position":1,"name":"Home","item":"https:\/\/www.icahd.fi\/"},{"@type":"ListItem","position":2,"name":"Rakennusleiri 2018"}]},{"@type":"WebSite","@id":"https:\/\/www.icahd.fi\/#website","url":"https:\/\/www.icahd.fi\/","name":"In 2012, ICAHD Finland","description":"Yht&auml;l&auml;isten oikeuksien puolesta, Israelin apartheidia vastaan","publisher":{"@id":"https:\/\/www.icahd.fi\/#organization"},"potentialAction":[{"@type":"SearchAction","target":{"@type":"EntryPoint","urlTemplate":"https:\/\/www.icahd.fi\/?s={search_term_string}"},"query-input":{"@type":"PropertyValueSpecification","valueRequired":true,"valueName":"search_term_string"}}],"inLanguage":"en-GB"},{"@type":"Organization","@id":"https:\/\/www.icahd.fi\/#organization","name":"In 2012, ICAHD Finland","url":"https:\/\/www.icahd.fi\/","logo":{"@type":"ImageObject","inLanguage":"en-GB","@id":"https:\/\/www.icahd.fi\/#\/schema\/logo\/image\/","url":"https:\/\/www.icahd.fi\/wp-content\/uploads\/2020\/01\/logo-teksti.png","contentUrl":"https:\/\/www.icahd.fi\/wp-content\/uploads\/2020\/01\/logo-teksti.png","width":300,"height":109,"caption":"ICAHD Finland"},"image":{"@id":"https:\/\/www.icahd.fi\/#\/schema\/logo\/image\/"},"sameAs":["https:\/\/www.facebook.com\/icahdfinland","https:\/\/x.com\/icahdfinland"]}]}},"acf":[],"_links":{"self":[{"href":"https:\/\/www.icahd.fi\/en\/wp-json\/wp\/v2\/pages\/6411","targetHints":{"allow":["GET"]}}],"collection":[{"href":"https:\/\/www.icahd.fi\/en\/wp-json\/wp\/v2\/pages"}],"about":[{"href":"https:\/\/www.icahd.fi\/en\/wp-json\/wp\/v2\/types\/page"}],"author":[{"embeddable":true,"href":"https:\/\/www.icahd.fi\/en\/wp-json\/wp\/v2\/users\/9"}],"replies":[{"embeddable":true,"href":"https:\/\/www.icahd.fi\/en\/wp-json\/wp\/v2\/comments?post=6411"}],"version-history":[{"count":51,"href":"https:\/\/www.icahd.fi\/en\/wp-json\/wp\/v2\/pages\/6411\/revisions"}],"predecessor-version":[{"id":6708,"href":"https:\/\/www.icahd.fi\/en\/wp-json\/wp\/v2\/pages\/6411\/revisions\/6708"}],"wp:attachment":[{"href":"https:\/\/www.icahd.fi\/en\/wp-json\/wp\/v2\/media?parent=6411"}],"curies":[{"name":"wp","href":"https:\/\/api.w.org\/{rel}","templated":true}]}}