{"id":381,"date":"2013-11-15T19:18:50","date_gmt":"2013-11-15T17:18:50","guid":{"rendered":"http:\/\/www.jannenurmi.fi\/icahd\/?page_id=381"},"modified":"2018-12-13T12:16:06","modified_gmt":"2018-12-13T10:16:06","slug":"svenska","status":"publish","type":"page","link":"https:\/\/www.icahd.fi\/en\/svenska\/","title":{"rendered":"Svenska"},"content":{"rendered":"<h2>Om oss<\/h2>\n<p>&nbsp;<\/p>\n<p>ICAHD Finland \u00e4r en m\u00e4nniskor\u00e4ttsorganisation vars m\u00e5ls\u00e4ttning \u00e4r att avsluta Israels ockupation och apartheid p\u00e5 ett s\u00e4tt som \u00e4r i enlighet med internationell r\u00e4tt samt garanterar f\u00f6rverkligande av allas r\u00e4ttigheter i omr\u00e5det Israel\/Palestina. ICAHD Finland \u00e4r partipolitiskt obunden.<\/p>\n<p><a href=\"http:\/\/www.icahd.org\/\">ICAHD<\/a> \u00e4\u00e4r f\u00f6rkortning av Israeli Committee Against House Demolitions, israelisk kommitt\u00e9 emot husdemoleringar. ICAHD Finland grundades \u00e5r 2009 och fungerar som den finl\u00e4ndska grenen av <a href=\"https:\/\/icahd.org\">ICAHD<\/a>. ICAHD Finland \u00e4r en sj\u00e4lvst\u00e4ndig organisation och deltar tillsammans med ICAHDs \u00f6vriga grenar i ICAHDs gemensamma beslutsfattande.<\/p>\n<p>Vi informerar om Israel\/Palestina konfliktens dagsl\u00e4ge och historia, publicerar v\u00e5r egna forskning, skriver artiklar, producerar videoklipp och \u00e4r i kontakt med median och politiker. Vi h\u00e4mtar ocks\u00e5 israeliska, palestinska och internationella bem\u00e4rkta personer till Finland. Vi deltar \u00e5rligen i \u00e5teruppbyggandet av hem som ockupationsstyrkorna demolerat p\u00e5 den ockuperade V\u00e4stbanken, och tr\u00e4ffar lokala akt\u00f6rer.<\/p>\n<p>ICAHD Finland \u00e4r medlem i <a href=\"http:\/\/www.eccpalestine.org\/\">European Coordination Committee for Palestine<\/a> (ECCP).<\/p>\n<p>Israels ICAHD grundades \u00e5r 1997. ICAHD var \u00e5r 2004 den f\u00f6rsta israeliska organisationen som st\u00f6dde palestiniernas <a href=\"http:\/\/pacbi.org\/etemplate.php?id=869\">upprop till bojkott<\/a>. \u00c5r 2012 var ICAHD den f\u00f6rsta israeliska organisationen som tog st\u00e4llning f\u00f6r enstatsl\u00f6sningen.<\/p>\n<p>ICAHDs grundare Jeff Halper nominerades \u00e5r 2006 f\u00f6r Nobels fredspris tillsammans med Ghassan Andoni, grundaren f\u00f6r\u00a0<a href=\"https:\/\/palsolidarity.org\">International Solidarity Movement<\/a>. ICAHD har utl\u00e4ndska grenar i Storbritannien, Tyskland, Finland och USA.<\/p>\n<h2>Kontaktuppgifter<\/h2>\n<p>&nbsp;<\/p>\n<p>Ordf\u00f6rande Syksy R\u00e4s\u00e4nen<br \/>\nicahd@icahd.fi (General)<\/p>\n<h2 data-jsid=\"message\">Material p\u00e5 svenska:<\/h2>\n<p>&nbsp;<\/p>","protected":false},"excerpt":{"rendered":"<p>Om oss &nbsp; ICAHD Finland \u00e4r en m\u00e4nniskor\u00e4ttsorganisation vars m\u00e5ls\u00e4ttning \u00e4r att avsluta Israels ockupation och apartheid p\u00e5 ett s\u00e4tt som \u00e4r i enlighet med internationell r\u00e4tt samt garanterar f\u00f6rverkligande av allas r\u00e4ttigheter i omr\u00e5det Israel\/Palestina. ICAHD Finland \u00e4r partipolitiskt obunden. ICAHD \u00e4\u00e4r f\u00f6rkortning av Israeli Committee Against House Demolitions, israelisk kommitt\u00e9 emot husdemoleringar. ICAHD [&hellip;]<\/p>\n","protected":false},"author":9,"featured_media":0,"parent":0,"menu_order":0,"comment_status":"closed","ping_status":"open","template":"","meta":{"zakra_page_container_layout":"customizer","zakra_page_sidebar_layout":"customizer","zakra_remove_content_margin":false,"zakra_sidebar":"customizer","zakra_transparent_header":"customizer","zakra_logo":0,"zakra_main_header_style":"default","zakra_menu_item_color":"","zakra_menu_item_hover_color":"","zakra_menu_item_active_color":"","zakra_menu_active_style":"","zakra_page_header":true,"footnotes":""},"class_list":["post-381","page","type-page","status-publish","hentry"],"yoast_head":"<!-- This site is optimized with the Yoast SEO plugin v27.5 - https:\/\/yoast.com\/product\/yoast-seo-wordpress\/ -->\n<title>Svenska - ICAHD Finland<\/title>\n<meta name=\"robots\" content=\"index, follow, max-snippet:-1, max-image-preview:large, max-video-preview:-1\" \/>\n<link rel=\"canonical\" href=\"https:\/\/www.icahd.fi\/en\/svenska\/\" \/>\n<meta property=\"og:locale\" content=\"en_GB\" \/>\n<meta property=\"og:type\" content=\"article\" \/>\n<meta property=\"og:title\" content=\"Svenska - ICAHD Finland\" \/>\n<meta property=\"og:description\" content=\"Om oss &nbsp; ICAHD Finland \u00e4r en m\u00e4nniskor\u00e4ttsorganisation vars m\u00e5ls\u00e4ttning \u00e4r att avsluta Israels ockupation och apartheid p\u00e5 ett s\u00e4tt som \u00e4r i enlighet med internationell r\u00e4tt samt garanterar f\u00f6rverkligande av allas r\u00e4ttigheter i omr\u00e5det Israel\/Palestina. ICAHD Finland \u00e4r partipolitiskt obunden. ICAHD \u00e4\u00e4r f\u00f6rkortning av Israeli Committee Against House Demolitions, israelisk kommitt\u00e9 emot husdemoleringar. ICAHD [&hellip;]\" \/>\n<meta property=\"og:url\" content=\"https:\/\/www.icahd.fi\/en\/svenska\/\" \/>\n<meta property=\"og:site_name\" content=\"ICAHD Finland\" \/>\n<meta property=\"article:publisher\" content=\"https:\/\/www.facebook.com\/icahdfinland\" \/>\n<meta property=\"article:modified_time\" content=\"2018-12-13T10:16:06+00:00\" \/>\n<meta property=\"og:image\" content=\"https:\/\/www.icahd.fi\/wp-content\/uploads\/2020\/01\/logo-teksti.png\" \/>\n\t<meta property=\"og:image:width\" content=\"300\" \/>\n\t<meta property=\"og:image:height\" content=\"109\" \/>\n\t<meta property=\"og:image:type\" content=\"image\/png\" \/>\n<meta name=\"twitter:card\" content=\"summary_large_image\" \/>\n<meta name=\"twitter:site\" content=\"@icahdfinland\" \/>\n<meta name=\"twitter:label1\" content=\"Estimated reading time\" \/>\n\t<meta name=\"twitter:data1\" content=\"1 minute\" \/>\n<script type=\"application\/ld+json\" class=\"yoast-schema-graph\">{\"@context\":\"https:\\\/\\\/schema.org\",\"@graph\":[{\"@type\":\"WebPage\",\"@id\":\"https:\\\/\\\/www.icahd.fi\\\/svenska\\\/\",\"url\":\"https:\\\/\\\/www.icahd.fi\\\/svenska\\\/\",\"name\":\"Svenska - ICAHD Finland\",\"isPartOf\":{\"@id\":\"https:\\\/\\\/www.icahd.fi\\\/#website\"},\"datePublished\":\"2013-11-15T17:18:50+00:00\",\"dateModified\":\"2018-12-13T10:16:06+00:00\",\"breadcrumb\":{\"@id\":\"https:\\\/\\\/www.icahd.fi\\\/svenska\\\/#breadcrumb\"},\"inLanguage\":\"en-GB\",\"potentialAction\":[{\"@type\":\"ReadAction\",\"target\":[\"https:\\\/\\\/www.icahd.fi\\\/svenska\\\/\"]}]},{\"@type\":\"BreadcrumbList\",\"@id\":\"https:\\\/\\\/www.icahd.fi\\\/svenska\\\/#breadcrumb\",\"itemListElement\":[{\"@type\":\"ListItem\",\"position\":1,\"name\":\"Home\",\"item\":\"https:\\\/\\\/www.icahd.fi\\\/\"},{\"@type\":\"ListItem\",\"position\":2,\"name\":\"Svenska\"}]},{\"@type\":\"WebSite\",\"@id\":\"https:\\\/\\\/www.icahd.fi\\\/#website\",\"url\":\"https:\\\/\\\/www.icahd.fi\\\/\",\"name\":\"ICAHD Finland\",\"description\":\"Yht&auml;l&auml;isten oikeuksien puolesta, Israelin apartheidia vastaan\",\"publisher\":{\"@id\":\"https:\\\/\\\/www.icahd.fi\\\/#organization\"},\"potentialAction\":[{\"@type\":\"SearchAction\",\"target\":{\"@type\":\"EntryPoint\",\"urlTemplate\":\"https:\\\/\\\/www.icahd.fi\\\/?s={search_term_string}\"},\"query-input\":{\"@type\":\"PropertyValueSpecification\",\"valueRequired\":true,\"valueName\":\"search_term_string\"}}],\"inLanguage\":\"en-GB\"},{\"@type\":\"Organization\",\"@id\":\"https:\\\/\\\/www.icahd.fi\\\/#organization\",\"name\":\"ICAHD Finland\",\"url\":\"https:\\\/\\\/www.icahd.fi\\\/\",\"logo\":{\"@type\":\"ImageObject\",\"inLanguage\":\"en-GB\",\"@id\":\"https:\\\/\\\/www.icahd.fi\\\/#\\\/schema\\\/logo\\\/image\\\/\",\"url\":\"https:\\\/\\\/www.icahd.fi\\\/wp-content\\\/uploads\\\/2020\\\/01\\\/logo-teksti.png\",\"contentUrl\":\"https:\\\/\\\/www.icahd.fi\\\/wp-content\\\/uploads\\\/2020\\\/01\\\/logo-teksti.png\",\"width\":300,\"height\":109,\"caption\":\"ICAHD Finland\"},\"image\":{\"@id\":\"https:\\\/\\\/www.icahd.fi\\\/#\\\/schema\\\/logo\\\/image\\\/\"},\"sameAs\":[\"https:\\\/\\\/www.facebook.com\\\/icahdfinland\",\"https:\\\/\\\/x.com\\\/icahdfinland\"]}]}<\/script>\n<!-- \/ Yoast SEO plugin. -->","yoast_head_json":{"title":"Svenska - ICAHD Finland","robots":{"index":"index","follow":"follow","max-snippet":"max-snippet:-1","max-image-preview":"max-image-preview:large","max-video-preview":"max-video-preview:-1"},"canonical":"https:\/\/www.icahd.fi\/en\/svenska\/","og_locale":"en_GB","og_type":"article","og_title":"Svenska - ICAHD Finland","og_description":"Om oss &nbsp; ICAHD Finland \u00e4r en m\u00e4nniskor\u00e4ttsorganisation vars m\u00e5ls\u00e4ttning \u00e4r att avsluta Israels ockupation och apartheid p\u00e5 ett s\u00e4tt som \u00e4r i enlighet med internationell r\u00e4tt samt garanterar f\u00f6rverkligande av allas r\u00e4ttigheter i omr\u00e5det Israel\/Palestina. ICAHD Finland \u00e4r partipolitiskt obunden. ICAHD \u00e4\u00e4r f\u00f6rkortning av Israeli Committee Against House Demolitions, israelisk kommitt\u00e9 emot husdemoleringar. ICAHD [&hellip;]","og_url":"https:\/\/www.icahd.fi\/en\/svenska\/","og_site_name":"ICAHD Finland","article_publisher":"https:\/\/www.facebook.com\/icahdfinland","article_modified_time":"2018-12-13T10:16:06+00:00","og_image":[{"width":300,"height":109,"url":"https:\/\/www.icahd.fi\/wp-content\/uploads\/2020\/01\/logo-teksti.png","type":"image\/png"}],"twitter_card":"summary_large_image","twitter_site":"@icahdfinland","twitter_misc":{"Estimated reading time":"1 minute"},"schema":{"@context":"https:\/\/schema.org","@graph":[{"@type":"WebPage","@id":"https:\/\/www.icahd.fi\/svenska\/","url":"https:\/\/www.icahd.fi\/svenska\/","name":"Svenska - ICAHD Finland","isPartOf":{"@id":"https:\/\/www.icahd.fi\/#website"},"datePublished":"2013-11-15T17:18:50+00:00","dateModified":"2018-12-13T10:16:06+00:00","breadcrumb":{"@id":"https:\/\/www.icahd.fi\/svenska\/#breadcrumb"},"inLanguage":"en-GB","potentialAction":[{"@type":"ReadAction","target":["https:\/\/www.icahd.fi\/svenska\/"]}]},{"@type":"BreadcrumbList","@id":"https:\/\/www.icahd.fi\/svenska\/#breadcrumb","itemListElement":[{"@type":"ListItem","position":1,"name":"Home","item":"https:\/\/www.icahd.fi\/"},{"@type":"ListItem","position":2,"name":"Svenska"}]},{"@type":"WebSite","@id":"https:\/\/www.icahd.fi\/#website","url":"https:\/\/www.icahd.fi\/","name":"In 2012, ICAHD Finland","description":"Yht&auml;l&auml;isten oikeuksien puolesta, Israelin apartheidia vastaan","publisher":{"@id":"https:\/\/www.icahd.fi\/#organization"},"potentialAction":[{"@type":"SearchAction","target":{"@type":"EntryPoint","urlTemplate":"https:\/\/www.icahd.fi\/?s={search_term_string}"},"query-input":{"@type":"PropertyValueSpecification","valueRequired":true,"valueName":"search_term_string"}}],"inLanguage":"en-GB"},{"@type":"Organization","@id":"https:\/\/www.icahd.fi\/#organization","name":"In 2012, ICAHD Finland","url":"https:\/\/www.icahd.fi\/","logo":{"@type":"ImageObject","inLanguage":"en-GB","@id":"https:\/\/www.icahd.fi\/#\/schema\/logo\/image\/","url":"https:\/\/www.icahd.fi\/wp-content\/uploads\/2020\/01\/logo-teksti.png","contentUrl":"https:\/\/www.icahd.fi\/wp-content\/uploads\/2020\/01\/logo-teksti.png","width":300,"height":109,"caption":"ICAHD Finland"},"image":{"@id":"https:\/\/www.icahd.fi\/#\/schema\/logo\/image\/"},"sameAs":["https:\/\/www.facebook.com\/icahdfinland","https:\/\/x.com\/icahdfinland"]}]}},"acf":[],"_links":{"self":[{"href":"https:\/\/www.icahd.fi\/en\/wp-json\/wp\/v2\/pages\/381","targetHints":{"allow":["GET"]}}],"collection":[{"href":"https:\/\/www.icahd.fi\/en\/wp-json\/wp\/v2\/pages"}],"about":[{"href":"https:\/\/www.icahd.fi\/en\/wp-json\/wp\/v2\/types\/page"}],"author":[{"embeddable":true,"href":"https:\/\/www.icahd.fi\/en\/wp-json\/wp\/v2\/users\/9"}],"replies":[{"embeddable":true,"href":"https:\/\/www.icahd.fi\/en\/wp-json\/wp\/v2\/comments?post=381"}],"version-history":[{"count":6,"href":"https:\/\/www.icahd.fi\/en\/wp-json\/wp\/v2\/pages\/381\/revisions"}],"predecessor-version":[{"id":6225,"href":"https:\/\/www.icahd.fi\/en\/wp-json\/wp\/v2\/pages\/381\/revisions\/6225"}],"wp:attachment":[{"href":"https:\/\/www.icahd.fi\/en\/wp-json\/wp\/v2\/media?parent=381"}],"curies":[{"name":"wp","href":"https:\/\/api.w.org\/{rel}","templated":true}]}}