{"id":299,"date":"2013-10-29T14:14:57","date_gmt":"2013-10-29T12:14:57","guid":{"rendered":"http:\/\/www.jannenurmi.fi\/icahd\/?page_id=299"},"modified":"2018-12-13T12:16:06","modified_gmt":"2018-12-13T10:16:06","slug":"taustoja","status":"publish","type":"page","link":"https:\/\/www.icahd.fi\/en\/taustoja\/","title":{"rendered":"Background"},"content":{"rendered":"<p><a href=\"http:\/\/www.icahd.fi\/en\/?page_id=311\">T\u00e4ss\u00e4 linkki<\/a> lyhyeen katsaukseen Israel\/Palestiina -konfliktin historiasta. Katsauksen lopussa on joitakin kirjallisuusviitteit\u00e4 pidemp\u00e4\u00e4 perehtymist\u00e4 varten.<\/p>\n<p>On olemassa lukuisia hyv\u00e4 sivustoja, joissa uutisoidaan ja analysoidaan Israelin\/Palestiinan tapahtumia. Israelin <a href=\"http:\/\/www.icahd.org\/\">ICAHDin<\/a> sivujen lis\u00e4ksi alla on otos suositeltavia sivuja.<\/p>\n<p>&nbsp;<\/p>\n<h3>Uutisia, tietoa ja analyysi\u00e4<\/h3>\n<p>&nbsp;<\/p>\n<p><a href=\"http:\/\/www.alternativenews.org\/english\/\" target=\"_blank\" rel=\"noopener\">Alternative Information Center<\/a><\/p>\n<p><a href=\"http:\/\/www.bdsmovement.net\/\" target=\"_blank\" rel=\"noopener\">BDS Committee<\/a><\/p>\n<p><a href=\"http:\/\/electronicintifada.net\/\">Electronic Intifada<\/a><\/p>\n<p><a href=\"http:\/\/www.palestine-studies.org\/\">Institute for Palestine Studies<\/a><\/p>\n<p><a href=\"http:\/\/palsolidarity.org\/\">International Solidarity Movement<\/a><\/p>\n<p><a href=\"http:\/\/www.israeli-occupation.org\/\">Israeli Occupation Archive<\/a><\/p>\n<p><a href=\"http:\/\/jfjfp.com\/\">Jews for Justice for Palestinians<\/a><\/p>\n<p><a href=\"http:\/\/www.jonathan-cook.net\/\">Jonathan Cook<\/a><\/p>\n<p><a href=\"http:\/\/www.middleeastmonitor.com\/\">Middle East Monitor<\/a><\/p>\n<p><a href=\"http:\/\/mondoweiss.net\/\">Mondoweiss<\/a><\/p>\n<p><a href=\"http:\/\/normanfinkelstein.com\/\">Norman Finkelstein<\/a><\/p>\n<p><a href=\"http:\/\/972mag.com\/\">+972 Magazine<\/a><\/p>\n<p><a href=\"http:\/\/www.russelltribunalonpalestine.com\/en\/\">Russell Tribunal on Palestine<\/a><\/p>\n<p><a href=\"http:\/\/www.stopthewall.org\/\">Stop the Wall<\/a><\/p>\n<p><a href=\"http:\/\/www.unrwa.org\/\">UNRWA<\/a><\/p>\n<p><a href=\"http:\/\/visualizingpalestine.org\/\">Visualizing Palestine<\/a><\/p>\n<p><a href=\"http:\/\/www.whoprofits.org\/content\/about-project\">WhoProfits<\/a><\/p>\n<p>&nbsp;<\/p>\n<h3>Ihmisoikeusraportteja<\/h3>\n<p>&nbsp;<\/p>\n<p><a href=\"http:\/\/adalah.org\/eng\/\">Adalah<\/a><br \/>\n<a href=\"http:\/\/www.alhaq.org\/\">Al-Haq<\/a><\/p>\n<p><a href=\"http:\/\/www.amnesty.org\/en\/region\/israel-occupied-palestinian-territories\">Amnesty International<\/a><\/p>\n<p><a href=\"http:\/\/www.btselem.org\/\">B&#8217;tselem<\/a><\/p>\n<p><a href=\"http:\/\/www.hrw.org\/middle-eastn-africa\/israel-palestine\">Human Rights Watch<\/a><\/p>\n<p><a href=\"http:\/\/www.pchrgaza.org\/portal\/en\/\">Palestinian Centre for Human Rights<\/a><\/p>\n<p>&nbsp;<\/p>\n<h3>Palestiina-toimintaa Suomessa<span style=\"text-decoration: underline;\"><br \/>\n<\/span><\/h3>\n<p>&nbsp;<\/p>\n<p><a href=\"http:\/\/www.kaapeli.fi\/akys\/\">Arabikansojen yst\u00e4vyysseura<\/a><\/p>\n<p><a href=\"http:\/\/www.eappi.fi\">EAPPI<\/a><\/p>\n<p><a href=\"http:\/\/www.vastuu.fi\/main\/index.php\">Psykologien Sosiaalinen Vastuu<\/a><\/p>\n<p><a href=\"http:\/\/www.vasemmistonuoret.fi\/?\/palestiina\/\">Vasemmistonuorten Palestiina-kampanja<\/a><\/p>","protected":false},"excerpt":{"rendered":"<p>T\u00e4ss\u00e4 linkki lyhyeen katsaukseen Israel\/Palestiina -konfliktin historiasta. Katsauksen lopussa on joitakin kirjallisuusviitteit\u00e4 pidemp\u00e4\u00e4 perehtymist\u00e4 varten. On olemassa lukuisia hyv\u00e4 sivustoja, joissa uutisoidaan ja analysoidaan Israelin\/Palestiinan tapahtumia. Israelin ICAHDin sivujen lis\u00e4ksi alla on otos suositeltavia sivuja. &nbsp; Uutisia, tietoa ja analyysi\u00e4 &nbsp; Alternative Information Center BDS Committee Electronic Intifada Institute for Palestine Studies International Solidarity Movement [&hellip;]<\/p>\n","protected":false},"author":9,"featured_media":7668,"parent":0,"menu_order":0,"comment_status":"closed","ping_status":"closed","template":"","meta":{"zakra_page_container_layout":"customizer","zakra_page_sidebar_layout":"customizer","zakra_remove_content_margin":false,"zakra_sidebar":"customizer","zakra_transparent_header":"customizer","zakra_logo":0,"zakra_main_header_style":"default","zakra_menu_item_color":"","zakra_menu_item_hover_color":"","zakra_menu_item_active_color":"","zakra_menu_active_style":"","zakra_page_header":true,"footnotes":""},"class_list":["post-299","page","type-page","status-publish","has-post-thumbnail","hentry"],"yoast_head":"<!-- This site is optimized with the Yoast SEO plugin v27.4 - https:\/\/yoast.com\/product\/yoast-seo-wordpress\/ -->\n<title>Taustoja - ICAHD Finland<\/title>\n<meta name=\"robots\" content=\"index, follow, max-snippet:-1, max-image-preview:large, max-video-preview:-1\" \/>\n<link rel=\"canonical\" href=\"https:\/\/www.icahd.fi\/en\/taustoja\/\" \/>\n<meta property=\"og:locale\" content=\"en_GB\" \/>\n<meta property=\"og:type\" content=\"article\" \/>\n<meta property=\"og:title\" content=\"Taustoja - ICAHD Finland\" \/>\n<meta property=\"og:description\" content=\"T\u00e4ss\u00e4 linkki lyhyeen katsaukseen Israel\/Palestiina -konfliktin historiasta. Katsauksen lopussa on joitakin kirjallisuusviitteit\u00e4 pidemp\u00e4\u00e4 perehtymist\u00e4 varten. On olemassa lukuisia hyv\u00e4 sivustoja, joissa uutisoidaan ja analysoidaan Israelin\/Palestiinan tapahtumia. Israelin ICAHDin sivujen lis\u00e4ksi alla on otos suositeltavia sivuja. &nbsp; Uutisia, tietoa ja analyysi\u00e4 &nbsp; Alternative Information Center BDS Committee Electronic Intifada Institute for Palestine Studies International Solidarity Movement [&hellip;]\" \/>\n<meta property=\"og:url\" content=\"https:\/\/www.icahd.fi\/en\/taustoja\/\" \/>\n<meta property=\"og:site_name\" content=\"ICAHD Finland\" \/>\n<meta property=\"article:publisher\" content=\"https:\/\/www.facebook.com\/icahdfinland\" \/>\n<meta property=\"article:modified_time\" content=\"2018-12-13T10:16:06+00:00\" \/>\n<meta property=\"og:image\" content=\"https:\/\/www.icahd.fi\/wp-content\/uploads\/2018\/12\/taustoja-1024x768.jpg\" \/>\n\t<meta property=\"og:image:width\" content=\"1024\" \/>\n\t<meta property=\"og:image:height\" content=\"768\" \/>\n\t<meta property=\"og:image:type\" content=\"image\/jpeg\" \/>\n<meta name=\"twitter:card\" content=\"summary_large_image\" \/>\n<meta name=\"twitter:site\" content=\"@icahdfinland\" \/>\n<meta name=\"twitter:label1\" content=\"Estimated reading time\" \/>\n\t<meta name=\"twitter:data1\" content=\"1 minute\" \/>\n<script type=\"application\/ld+json\" class=\"yoast-schema-graph\">{\"@context\":\"https:\\\/\\\/schema.org\",\"@graph\":[{\"@type\":\"WebPage\",\"@id\":\"https:\\\/\\\/www.icahd.fi\\\/taustoja\\\/\",\"url\":\"https:\\\/\\\/www.icahd.fi\\\/taustoja\\\/\",\"name\":\"Taustoja - ICAHD Finland\",\"isPartOf\":{\"@id\":\"https:\\\/\\\/www.icahd.fi\\\/#website\"},\"primaryImageOfPage\":{\"@id\":\"https:\\\/\\\/www.icahd.fi\\\/taustoja\\\/#primaryimage\"},\"image\":{\"@id\":\"https:\\\/\\\/www.icahd.fi\\\/taustoja\\\/#primaryimage\"},\"thumbnailUrl\":\"https:\\\/\\\/www.icahd.fi\\\/wp-content\\\/uploads\\\/2018\\\/12\\\/taustoja.jpg\",\"datePublished\":\"2013-10-29T12:14:57+00:00\",\"dateModified\":\"2018-12-13T10:16:06+00:00\",\"breadcrumb\":{\"@id\":\"https:\\\/\\\/www.icahd.fi\\\/taustoja\\\/#breadcrumb\"},\"inLanguage\":\"en-GB\",\"potentialAction\":[{\"@type\":\"ReadAction\",\"target\":[\"https:\\\/\\\/www.icahd.fi\\\/taustoja\\\/\"]}]},{\"@type\":\"ImageObject\",\"inLanguage\":\"en-GB\",\"@id\":\"https:\\\/\\\/www.icahd.fi\\\/taustoja\\\/#primaryimage\",\"url\":\"https:\\\/\\\/www.icahd.fi\\\/wp-content\\\/uploads\\\/2018\\\/12\\\/taustoja.jpg\",\"contentUrl\":\"https:\\\/\\\/www.icahd.fi\\\/wp-content\\\/uploads\\\/2018\\\/12\\\/taustoja.jpg\",\"width\":4000,\"height\":3000},{\"@type\":\"BreadcrumbList\",\"@id\":\"https:\\\/\\\/www.icahd.fi\\\/taustoja\\\/#breadcrumb\",\"itemListElement\":[{\"@type\":\"ListItem\",\"position\":1,\"name\":\"Home\",\"item\":\"https:\\\/\\\/www.icahd.fi\\\/\"},{\"@type\":\"ListItem\",\"position\":2,\"name\":\"Taustoja\"}]},{\"@type\":\"WebSite\",\"@id\":\"https:\\\/\\\/www.icahd.fi\\\/#website\",\"url\":\"https:\\\/\\\/www.icahd.fi\\\/\",\"name\":\"ICAHD Finland\",\"description\":\"Yht&auml;l&auml;isten oikeuksien puolesta, Israelin apartheidia vastaan\",\"publisher\":{\"@id\":\"https:\\\/\\\/www.icahd.fi\\\/#organization\"},\"potentialAction\":[{\"@type\":\"SearchAction\",\"target\":{\"@type\":\"EntryPoint\",\"urlTemplate\":\"https:\\\/\\\/www.icahd.fi\\\/?s={search_term_string}\"},\"query-input\":{\"@type\":\"PropertyValueSpecification\",\"valueRequired\":true,\"valueName\":\"search_term_string\"}}],\"inLanguage\":\"en-GB\"},{\"@type\":\"Organization\",\"@id\":\"https:\\\/\\\/www.icahd.fi\\\/#organization\",\"name\":\"ICAHD Finland\",\"url\":\"https:\\\/\\\/www.icahd.fi\\\/\",\"logo\":{\"@type\":\"ImageObject\",\"inLanguage\":\"en-GB\",\"@id\":\"https:\\\/\\\/www.icahd.fi\\\/#\\\/schema\\\/logo\\\/image\\\/\",\"url\":\"https:\\\/\\\/www.icahd.fi\\\/wp-content\\\/uploads\\\/2020\\\/01\\\/logo-teksti.png\",\"contentUrl\":\"https:\\\/\\\/www.icahd.fi\\\/wp-content\\\/uploads\\\/2020\\\/01\\\/logo-teksti.png\",\"width\":300,\"height\":109,\"caption\":\"ICAHD Finland\"},\"image\":{\"@id\":\"https:\\\/\\\/www.icahd.fi\\\/#\\\/schema\\\/logo\\\/image\\\/\"},\"sameAs\":[\"https:\\\/\\\/www.facebook.com\\\/icahdfinland\",\"https:\\\/\\\/x.com\\\/icahdfinland\"]}]}<\/script>\n<!-- \/ Yoast SEO plugin. -->","yoast_head_json":{"title":"Taustoja - ICAHD Finland","robots":{"index":"index","follow":"follow","max-snippet":"max-snippet:-1","max-image-preview":"max-image-preview:large","max-video-preview":"max-video-preview:-1"},"canonical":"https:\/\/www.icahd.fi\/en\/taustoja\/","og_locale":"en_GB","og_type":"article","og_title":"Taustoja - ICAHD Finland","og_description":"T\u00e4ss\u00e4 linkki lyhyeen katsaukseen Israel\/Palestiina -konfliktin historiasta. Katsauksen lopussa on joitakin kirjallisuusviitteit\u00e4 pidemp\u00e4\u00e4 perehtymist\u00e4 varten. On olemassa lukuisia hyv\u00e4 sivustoja, joissa uutisoidaan ja analysoidaan Israelin\/Palestiinan tapahtumia. Israelin ICAHDin sivujen lis\u00e4ksi alla on otos suositeltavia sivuja. &nbsp; Uutisia, tietoa ja analyysi\u00e4 &nbsp; Alternative Information Center BDS Committee Electronic Intifada Institute for Palestine Studies International Solidarity Movement [&hellip;]","og_url":"https:\/\/www.icahd.fi\/en\/taustoja\/","og_site_name":"ICAHD Finland","article_publisher":"https:\/\/www.facebook.com\/icahdfinland","article_modified_time":"2018-12-13T10:16:06+00:00","og_image":[{"width":1024,"height":768,"url":"https:\/\/www.icahd.fi\/wp-content\/uploads\/2018\/12\/taustoja-1024x768.jpg","type":"image\/jpeg"}],"twitter_card":"summary_large_image","twitter_site":"@icahdfinland","twitter_misc":{"Estimated reading time":"1 minute"},"schema":{"@context":"https:\/\/schema.org","@graph":[{"@type":"WebPage","@id":"https:\/\/www.icahd.fi\/taustoja\/","url":"https:\/\/www.icahd.fi\/taustoja\/","name":"Taustoja - ICAHD Finland","isPartOf":{"@id":"https:\/\/www.icahd.fi\/#website"},"primaryImageOfPage":{"@id":"https:\/\/www.icahd.fi\/taustoja\/#primaryimage"},"image":{"@id":"https:\/\/www.icahd.fi\/taustoja\/#primaryimage"},"thumbnailUrl":"https:\/\/www.icahd.fi\/wp-content\/uploads\/2018\/12\/taustoja.jpg","datePublished":"2013-10-29T12:14:57+00:00","dateModified":"2018-12-13T10:16:06+00:00","breadcrumb":{"@id":"https:\/\/www.icahd.fi\/taustoja\/#breadcrumb"},"inLanguage":"en-GB","potentialAction":[{"@type":"ReadAction","target":["https:\/\/www.icahd.fi\/taustoja\/"]}]},{"@type":"ImageObject","inLanguage":"en-GB","@id":"https:\/\/www.icahd.fi\/taustoja\/#primaryimage","url":"https:\/\/www.icahd.fi\/wp-content\/uploads\/2018\/12\/taustoja.jpg","contentUrl":"https:\/\/www.icahd.fi\/wp-content\/uploads\/2018\/12\/taustoja.jpg","width":4000,"height":3000},{"@type":"BreadcrumbList","@id":"https:\/\/www.icahd.fi\/taustoja\/#breadcrumb","itemListElement":[{"@type":"ListItem","position":1,"name":"Home","item":"https:\/\/www.icahd.fi\/"},{"@type":"ListItem","position":2,"name":"Taustoja"}]},{"@type":"WebSite","@id":"https:\/\/www.icahd.fi\/#website","url":"https:\/\/www.icahd.fi\/","name":"In 2012, ICAHD Finland","description":"Yht&auml;l&auml;isten oikeuksien puolesta, Israelin apartheidia vastaan","publisher":{"@id":"https:\/\/www.icahd.fi\/#organization"},"potentialAction":[{"@type":"SearchAction","target":{"@type":"EntryPoint","urlTemplate":"https:\/\/www.icahd.fi\/?s={search_term_string}"},"query-input":{"@type":"PropertyValueSpecification","valueRequired":true,"valueName":"search_term_string"}}],"inLanguage":"en-GB"},{"@type":"Organization","@id":"https:\/\/www.icahd.fi\/#organization","name":"In 2012, ICAHD Finland","url":"https:\/\/www.icahd.fi\/","logo":{"@type":"ImageObject","inLanguage":"en-GB","@id":"https:\/\/www.icahd.fi\/#\/schema\/logo\/image\/","url":"https:\/\/www.icahd.fi\/wp-content\/uploads\/2020\/01\/logo-teksti.png","contentUrl":"https:\/\/www.icahd.fi\/wp-content\/uploads\/2020\/01\/logo-teksti.png","width":300,"height":109,"caption":"ICAHD Finland"},"image":{"@id":"https:\/\/www.icahd.fi\/#\/schema\/logo\/image\/"},"sameAs":["https:\/\/www.facebook.com\/icahdfinland","https:\/\/x.com\/icahdfinland"]}]}},"acf":[],"_links":{"self":[{"href":"https:\/\/www.icahd.fi\/en\/wp-json\/wp\/v2\/pages\/299","targetHints":{"allow":["GET"]}}],"collection":[{"href":"https:\/\/www.icahd.fi\/en\/wp-json\/wp\/v2\/pages"}],"about":[{"href":"https:\/\/www.icahd.fi\/en\/wp-json\/wp\/v2\/types\/page"}],"author":[{"embeddable":true,"href":"https:\/\/www.icahd.fi\/en\/wp-json\/wp\/v2\/users\/9"}],"replies":[{"embeddable":true,"href":"https:\/\/www.icahd.fi\/en\/wp-json\/wp\/v2\/comments?post=299"}],"version-history":[{"count":9,"href":"https:\/\/www.icahd.fi\/en\/wp-json\/wp\/v2\/pages\/299\/revisions"}],"predecessor-version":[{"id":7672,"href":"https:\/\/www.icahd.fi\/en\/wp-json\/wp\/v2\/pages\/299\/revisions\/7672"}],"wp:featuredmedia":[{"embeddable":true,"href":"https:\/\/www.icahd.fi\/en\/wp-json\/wp\/v2\/media\/7668"}],"wp:attachment":[{"href":"https:\/\/www.icahd.fi\/en\/wp-json\/wp\/v2\/media?parent=299"}],"curies":[{"name":"wp","href":"https:\/\/api.w.org\/{rel}","templated":true}]}}